{"id":3973,"date":"2025-10-29T23:08:59","date_gmt":"2025-10-29T23:08:59","guid":{"rendered":"https:\/\/jamonesmontedorado.com\/producto\/lomo-100-iberico-de-bellota-monte-dorado\/"},"modified":"2025-10-29T23:08:59","modified_gmt":"2025-10-29T23:08:59","slug":"lomo-100-iberico-de-bellota-monte-dorado","status":"publish","type":"product","link":"https:\/\/jamonesmontedorado.com\/de\/produkt\/lomo-100-iberico-de-bellota-monte-dorado\/","title":{"rendered":"Lomo 100 % Ib\u00e9rico de Bellota Monte Dorado"},"content":{"rendered":"<p data-start=\"804\" data-end=\"1102\">Sein Aussehen ist imposant: ein ganzes, festes und leicht marmoriertes St\u00fcck, das beim Aufschneiden intensive Rott\u00f6ne mit violetten Reflexen und feinen Fetteinlagerungen offenbart. Dieses Fett mit seiner seidigen Textur und dem hohen Gehalt an \u00d6ls\u00e4ure schmilzt sanft im Mund und verst\u00e4rkt den Geschmack, ohne ihn zu s\u00e4ttigen. <\/p>\n<p data-start=\"1104\" data-end=\"1438\">Das Aroma ist tief, berauschend und ausgewogen, mit Noten von Piment\u00f3n de la Vera, nat\u00fcrlichen Gew\u00fcrzen und einem leicht s\u00fc\u00dflichen Hintergrund, der von der langsamen Reifung und in nat\u00fcrlichen Trockenr\u00e4umen stammt. Am Gaumen bietet der Lomo eine feste, aber saftige Textur mit einem einh\u00fcllenden, langen und eleganten Geschmack, der harmonisch anh\u00e4lt, ohne aggressiv zu wirken. <\/p>\n<p data-start=\"1440\" data-end=\"1636\">Es ist ein einzigartiges St\u00fcck, ohne Schnickschnack, das ausschlie\u00dflich mit <strong data-start=\"1504\" data-end=\"1565\">iberischem Lomo, Meersalz, Paprika, Oregano und nat\u00fcrlichem Knoblauch<\/strong> hergestellt wird, ohne Zusatzstoffe, ohne Konservierungsstoffe und mit vollem Respekt vor der Tradition.<\/p>\n","protected":false},"excerpt":{"rendered":"<p>Der <strong data-start=\"433\" data-end=\"479\">Lomo 100 % Ib\u00e9rico de Bellota Monte Dorado<\/strong> ist der reine Ausdruck des Ib\u00e9rico in seiner edelsten und magersten Version. Dieses Produkt stammt von Schweinen der Rasse 100 % Ib\u00e9rico, die in Freiheit auf den Weiden Andalusiens aufgezogen und w\u00e4hrend der Montanera ausschlie\u00dflich mit Eicheln gef\u00fcttert werden. Es stellt die Verschmelzung von genetischer Exzellenz, nat\u00fcrlicher Ern\u00e4hrung und handwerklicher Reifung dar. <\/p>\n","protected":false},"featured_media":3439,"comment_status":"open","ping_status":"closed","template":"","meta":[],"product_brand":[],"product_cat":[227],"product_tag":[],"class_list":{"0":"post-3973","1":"product","2":"type-product","3":"status-publish","4":"has-post-thumbnail","6":"product_cat-wurstwaren","7":"sales-flash-overlay","8":"woocommerce-text-align-center","9":"woocommerce-image-align-center","10":"do-quantity-buttons","12":"first","13":"instock","14":"shipping-taxable","15":"purchasable","16":"product-type-variable","17":"has-default-attributes"},"yoast_head":"<!-- This site is optimized with the Yoast SEO plugin v26.4 - https:\/\/yoast.com\/wordpress\/plugins\/seo\/ -->\n<title>Lomo 100 % Ib\u00e9rico de Bellota Monte Dorado - Jamones Monte Dorado<\/title>\n<meta name=\"robots\" content=\"index, follow, max-snippet:-1, max-image-preview:large, max-video-preview:-1\" \/>\n<link rel=\"canonical\" href=\"https:\/\/jamonesmontedorado.com\/de\/produkt\/lomo-100-iberico-de-bellota-monte-dorado\/\" \/>\n<meta property=\"og:locale\" content=\"de_DE\" \/>\n<meta property=\"og:type\" content=\"article\" \/>\n<meta property=\"og:title\" content=\"Lomo 100 % Ib\u00e9rico de Bellota Monte Dorado - Jamones Monte Dorado\" \/>\n<meta property=\"og:description\" content=\"Der Lomo 100 % Ib\u00e9rico de Bellota Monte Dorado ist der reine Ausdruck des Ib\u00e9rico in seiner edelsten und magersten Version. Dieses Produkt stammt von Schweinen der Rasse 100 % Ib\u00e9rico, die in Freiheit auf den Weiden Andalusiens aufgezogen und w\u00e4hrend der Montanera ausschlie\u00dflich mit Eicheln gef\u00fcttert werden. Es stellt die Verschmelzung von genetischer Exzellenz, nat\u00fcrlicher Ern\u00e4hrung und handwerklicher Reifung dar.\" \/>\n<meta property=\"og:url\" content=\"https:\/\/jamonesmontedorado.com\/de\/produkt\/lomo-100-iberico-de-bellota-monte-dorado\/\" \/>\n<meta property=\"og:site_name\" content=\"Jamones Monte Dorado\" \/>\n<meta property=\"og:image\" content=\"https:\/\/jamonesmontedorado.com\/wp-content\/uploads\/2025\/10\/lomo-montedorado-scaled.png\" \/>\n\t<meta property=\"og:image:width\" content=\"2560\" \/>\n\t<meta property=\"og:image:height\" content=\"2560\" \/>\n\t<meta property=\"og:image:type\" content=\"image\/png\" \/>\n<meta name=\"twitter:card\" content=\"summary_large_image\" \/>\n<meta name=\"twitter:label1\" content=\"Gesch\u00e4tzte Lesezeit\" \/>\n\t<meta name=\"twitter:data1\" content=\"1\u00a0Minute\" \/>\n<script type=\"application\/ld+json\" class=\"yoast-schema-graph\">{\"@context\":\"https:\/\/schema.org\",\"@graph\":[{\"@type\":\"WebPage\",\"@id\":\"https:\/\/jamonesmontedorado.com\/de\/produkt\/lomo-100-iberico-de-bellota-monte-dorado\/\",\"url\":\"https:\/\/jamonesmontedorado.com\/de\/produkt\/lomo-100-iberico-de-bellota-monte-dorado\/\",\"name\":\"Lomo 100 % Ib\u00e9rico de Bellota Monte Dorado - Jamones Monte Dorado\",\"isPartOf\":{\"@id\":\"https:\/\/jamonesmontedorado.com\/de\/#website\"},\"primaryImageOfPage\":{\"@id\":\"https:\/\/jamonesmontedorado.com\/de\/produkt\/lomo-100-iberico-de-bellota-monte-dorado\/#primaryimage\"},\"image\":{\"@id\":\"https:\/\/jamonesmontedorado.com\/de\/produkt\/lomo-100-iberico-de-bellota-monte-dorado\/#primaryimage\"},\"thumbnailUrl\":\"https:\/\/jamonesmontedorado.com\/wp-content\/uploads\/2025\/10\/lomo-montedorado-scaled.png\",\"datePublished\":\"2025-10-29T23:08:59+00:00\",\"breadcrumb\":{\"@id\":\"https:\/\/jamonesmontedorado.com\/de\/produkt\/lomo-100-iberico-de-bellota-monte-dorado\/#breadcrumb\"},\"inLanguage\":\"de\",\"potentialAction\":[{\"@type\":\"ReadAction\",\"target\":[\"https:\/\/jamonesmontedorado.com\/de\/produkt\/lomo-100-iberico-de-bellota-monte-dorado\/\"]}]},{\"@type\":\"ImageObject\",\"inLanguage\":\"de\",\"@id\":\"https:\/\/jamonesmontedorado.com\/de\/produkt\/lomo-100-iberico-de-bellota-monte-dorado\/#primaryimage\",\"url\":\"https:\/\/jamonesmontedorado.com\/wp-content\/uploads\/2025\/10\/lomo-montedorado-scaled.png\",\"contentUrl\":\"https:\/\/jamonesmontedorado.com\/wp-content\/uploads\/2025\/10\/lomo-montedorado-scaled.png\",\"width\":2560,\"height\":2560},{\"@type\":\"BreadcrumbList\",\"@id\":\"https:\/\/jamonesmontedorado.com\/de\/produkt\/lomo-100-iberico-de-bellota-monte-dorado\/#breadcrumb\",\"itemListElement\":[{\"@type\":\"ListItem\",\"position\":1,\"name\":\"Portada\",\"item\":\"https:\/\/jamonesmontedorado.com\/de\/schinken-und-wurstwaren-von-monte-dorado\/\"},{\"@type\":\"ListItem\",\"position\":2,\"name\":\"Shop\",\"item\":\"https:\/\/jamonesmontedorado.com\/de\/shop\/\"},{\"@type\":\"ListItem\",\"position\":3,\"name\":\"Lomo 100 % Ib\u00e9rico de Bellota Monte Dorado\"}]},{\"@type\":\"WebSite\",\"@id\":\"https:\/\/jamonesmontedorado.com\/de\/#website\",\"url\":\"https:\/\/jamonesmontedorado.com\/de\/\",\"name\":\"Jamones Monte Dorado\",\"description\":\"Monte Dorado - Jamones, paletas y embutidos\",\"potentialAction\":[{\"@type\":\"SearchAction\",\"target\":{\"@type\":\"EntryPoint\",\"urlTemplate\":\"https:\/\/jamonesmontedorado.com\/de\/?s={search_term_string}\"},\"query-input\":{\"@type\":\"PropertyValueSpecification\",\"valueRequired\":true,\"valueName\":\"search_term_string\"}}],\"inLanguage\":\"de\"}]}<\/script>\n<!-- \/ Yoast SEO plugin. -->","yoast_head_json":{"title":"Lomo 100 % Ib\u00e9rico de Bellota Monte Dorado - Jamones Monte Dorado","robots":{"index":"index","follow":"follow","max-snippet":"max-snippet:-1","max-image-preview":"max-image-preview:large","max-video-preview":"max-video-preview:-1"},"canonical":"https:\/\/jamonesmontedorado.com\/de\/produkt\/lomo-100-iberico-de-bellota-monte-dorado\/","og_locale":"de_DE","og_type":"article","og_title":"Lomo 100 % Ib\u00e9rico de Bellota Monte Dorado - Jamones Monte Dorado","og_description":"Der Lomo 100 % Ib\u00e9rico de Bellota Monte Dorado ist der reine Ausdruck des Ib\u00e9rico in seiner edelsten und magersten Version. Dieses Produkt stammt von Schweinen der Rasse 100 % Ib\u00e9rico, die in Freiheit auf den Weiden Andalusiens aufgezogen und w\u00e4hrend der Montanera ausschlie\u00dflich mit Eicheln gef\u00fcttert werden. Es stellt die Verschmelzung von genetischer Exzellenz, nat\u00fcrlicher Ern\u00e4hrung und handwerklicher Reifung dar.","og_url":"https:\/\/jamonesmontedorado.com\/de\/produkt\/lomo-100-iberico-de-bellota-monte-dorado\/","og_site_name":"Jamones Monte Dorado","og_image":[{"width":2560,"height":2560,"url":"https:\/\/jamonesmontedorado.com\/wp-content\/uploads\/2025\/10\/lomo-montedorado-scaled.png","type":"image\/png"}],"twitter_card":"summary_large_image","twitter_misc":{"Gesch\u00e4tzte Lesezeit":"1\u00a0Minute"},"schema":{"@context":"https:\/\/schema.org","@graph":[{"@type":"WebPage","@id":"https:\/\/jamonesmontedorado.com\/de\/produkt\/lomo-100-iberico-de-bellota-monte-dorado\/","url":"https:\/\/jamonesmontedorado.com\/de\/produkt\/lomo-100-iberico-de-bellota-monte-dorado\/","name":"Lomo 100 % Ib\u00e9rico de Bellota Monte Dorado - Jamones Monte Dorado","isPartOf":{"@id":"https:\/\/jamonesmontedorado.com\/de\/#website"},"primaryImageOfPage":{"@id":"https:\/\/jamonesmontedorado.com\/de\/produkt\/lomo-100-iberico-de-bellota-monte-dorado\/#primaryimage"},"image":{"@id":"https:\/\/jamonesmontedorado.com\/de\/produkt\/lomo-100-iberico-de-bellota-monte-dorado\/#primaryimage"},"thumbnailUrl":"https:\/\/jamonesmontedorado.com\/wp-content\/uploads\/2025\/10\/lomo-montedorado-scaled.png","datePublished":"2025-10-29T23:08:59+00:00","breadcrumb":{"@id":"https:\/\/jamonesmontedorado.com\/de\/produkt\/lomo-100-iberico-de-bellota-monte-dorado\/#breadcrumb"},"inLanguage":"de","potentialAction":[{"@type":"ReadAction","target":["https:\/\/jamonesmontedorado.com\/de\/produkt\/lomo-100-iberico-de-bellota-monte-dorado\/"]}]},{"@type":"ImageObject","inLanguage":"de","@id":"https:\/\/jamonesmontedorado.com\/de\/produkt\/lomo-100-iberico-de-bellota-monte-dorado\/#primaryimage","url":"https:\/\/jamonesmontedorado.com\/wp-content\/uploads\/2025\/10\/lomo-montedorado-scaled.png","contentUrl":"https:\/\/jamonesmontedorado.com\/wp-content\/uploads\/2025\/10\/lomo-montedorado-scaled.png","width":2560,"height":2560},{"@type":"BreadcrumbList","@id":"https:\/\/jamonesmontedorado.com\/de\/produkt\/lomo-100-iberico-de-bellota-monte-dorado\/#breadcrumb","itemListElement":[{"@type":"ListItem","position":1,"name":"Portada","item":"https:\/\/jamonesmontedorado.com\/de\/schinken-und-wurstwaren-von-monte-dorado\/"},{"@type":"ListItem","position":2,"name":"Shop","item":"https:\/\/jamonesmontedorado.com\/de\/shop\/"},{"@type":"ListItem","position":3,"name":"Lomo 100 % Ib\u00e9rico de Bellota Monte Dorado"}]},{"@type":"WebSite","@id":"https:\/\/jamonesmontedorado.com\/de\/#website","url":"https:\/\/jamonesmontedorado.com\/de\/","name":"Jamones Monte Dorado","description":"Monte Dorado - Jamones, paletas y embutidos","potentialAction":[{"@type":"SearchAction","target":{"@type":"EntryPoint","urlTemplate":"https:\/\/jamonesmontedorado.com\/de\/?s={search_term_string}"},"query-input":{"@type":"PropertyValueSpecification","valueRequired":true,"valueName":"search_term_string"}}],"inLanguage":"de"}]}},"_links":{"self":[{"href":"https:\/\/jamonesmontedorado.com\/de\/wp-json\/wp\/v2\/product\/3973","targetHints":{"allow":["GET"]}}],"collection":[{"href":"https:\/\/jamonesmontedorado.com\/de\/wp-json\/wp\/v2\/product"}],"about":[{"href":"https:\/\/jamonesmontedorado.com\/de\/wp-json\/wp\/v2\/types\/product"}],"replies":[{"embeddable":true,"href":"https:\/\/jamonesmontedorado.com\/de\/wp-json\/wp\/v2\/comments?post=3973"}],"wp:featuredmedia":[{"embeddable":true,"href":"https:\/\/jamonesmontedorado.com\/de\/wp-json\/wp\/v2\/media\/3439"}],"wp:attachment":[{"href":"https:\/\/jamonesmontedorado.com\/de\/wp-json\/wp\/v2\/media?parent=3973"}],"wp:term":[{"taxonomy":"product_brand","embeddable":true,"href":"https:\/\/jamonesmontedorado.com\/de\/wp-json\/wp\/v2\/product_brand?post=3973"},{"taxonomy":"product_cat","embeddable":true,"href":"https:\/\/jamonesmontedorado.com\/de\/wp-json\/wp\/v2\/product_cat?post=3973"},{"taxonomy":"product_tag","embeddable":true,"href":"https:\/\/jamonesmontedorado.com\/de\/wp-json\/wp\/v2\/product_tag?post=3973"}],"curies":[{"name":"wp","href":"https:\/\/api.w.org\/{rel}","templated":true}]}}