{"id":3589,"date":"2022-08-10T22:50:51","date_gmt":"2022-08-10T22:50:51","guid":{"rendered":"https:\/\/jamonesmontedorado.com\/rechtliche-hinweise-cookies-und-datenschutz\/"},"modified":"2025-11-07T01:07:35","modified_gmt":"2025-11-07T01:07:35","slug":"rechtliche-hinweise-cookies-und-datenschutz","status":"publish","type":"page","link":"https:\/\/jamonesmontedorado.com\/de\/rechtliche-hinweise-cookies-und-datenschutz\/","title":{"rendered":"Rechtliche Hinweise, Cookies und Datenschutz"},"content":{"rendered":"<h2 data-start=\"371\" data-end=\"395\">IDENTIFIZIERUNGSANGABEN<\/h2>\n<p data-start=\"397\" data-end=\"651\">In Erf\u00fcllung der Informationspflicht gem\u00e4\u00df Artikel 10 des Gesetzes 34\/2002 vom 11. Juli \u00fcber die Dienste der Informationsgesellschaft und den elektronischen Handel (LSSI-CE) werden nachfolgend die Daten des Inhabers dieser Website aufgef\u00fchrt:<\/p>\n<ul data-start=\"653\" data-end=\"990\">\n<li data-start=\"653\" data-end=\"718\">\n<p data-start=\"655\" data-end=\"718\"><strong data-start=\"655\" data-end=\"667\">Inhaber:<\/strong> Rub\u00e9n Cubillo Berbel (im Folgenden <em data-start=\"703\" data-end=\"715\">der Inhaber<\/em>)<\/p>\n<\/li>\n<li data-start=\"719\" data-end=\"765\">\n<p data-start=\"721\" data-end=\"765\"><strong data-start=\"721\" data-end=\"742\">Handelsname:<\/strong> Jamones Monte Dorado<\/p>\n<\/li>\n<li data-start=\"766\" data-end=\"852\">\n<p data-start=\"768\" data-end=\"852\"><strong data-start=\"768\" data-end=\"789\">Firmensitz:<\/strong> Calle Alcalde Emilio Arroyo L\u00f3pez n\u00ba 8 \u2013 23009 Ja\u00e9n (Spanien)<\/p>\n<\/li>\n<li data-start=\"853\" data-end=\"908\">\n<p data-start=\"855\" data-end=\"908\"><strong data-start=\"855\" data-end=\"878\">E-Mail:<\/strong> <a class=\"decorated-link cursor-pointer\" rel=\"noopener\" data-start=\"879\" data-end=\"906\">info@jamonesmontedorado.com<\/a><\/p>\n<\/li>\n<li data-start=\"909\" data-end=\"990\">\n<p data-start=\"911\" data-end=\"990\"><strong data-start=\"911\" data-end=\"925\">Website:<\/strong> <a class=\"decorated-link\" href=\"https:\/\/www.jamonesmontedorado.com\" target=\"_new\" rel=\"noopener\" data-start=\"926\" data-end=\"990\">www.jamonesmontedorado.com<\/a><\/p>\n<\/li>\n<\/ul>\n<hr data-start=\"992\" data-end=\"995\">\n<h2 data-start=\"997\" data-end=\"1008\">BENUTZER<\/h2>\n<p data-start=\"1010\" data-end=\"1319\">Der Zugriff und\/oder die Nutzung dieser Website setzt die Bedingung des <strong data-start=\"1071\" data-end=\"1082\">BENUTZERS<\/strong> voraus, der durch diesen Zugriff und\/oder diese Nutzung die hier aufgef\u00fchrten allgemeinen Nutzungsbedingungen akzeptiert. Diese Bedingungen gelten unabh\u00e4ngig von den allgemeinen Vertragsbedingungen, die gegebenenfalls zwingend einzuhalten sind. <\/p>\n<hr data-start=\"1321\" data-end=\"1324\">\n<h2 data-start=\"1326\" data-end=\"1343\">NUTZUNG DES PORTALS<\/h2>\n<p data-start=\"1345\" data-end=\"1723\">Der Inhaber stellt den Zugang zu einer Vielzahl von Produkten, Informationen, Dienstleistungen, Programmen oder Daten (im Folgenden \u201edie Inhalte\u201c) im Internet zur Verf\u00fcgung. Der BENUTZER \u00fcbernimmt die Verantwortung f\u00fcr die Nutzung des Portals. Diese Verantwortung erstreckt sich auf die f\u00fcr den Zugang zu bestimmten Diensten oder Inhalten erforderliche Registrierung, wobei er f\u00fcr die Bereitstellung wahrheitsgem\u00e4\u00dfer und rechtm\u00e4\u00dfiger Informationen verantwortlich ist.  <\/p>\n<p data-start=\"1725\" data-end=\"1867\">Als Folge der Registrierung kann der BENUTZER ein Passwort erhalten, wobei er sich verpflichtet, dieses sorgf\u00e4ltig und vertraulich zu behandeln.<\/p>\n<p data-start=\"1869\" data-end=\"2066\">Der BENUTZER verpflichtet sich, die Inhalte und Dienstleistungen, die der Inhaber \u00fcber seine Website anbietet, angemessen zu nutzen und sie, ohne Anspruch auf Vollst\u00e4ndigkeit, nicht zu verwenden f\u00fcr:<\/p>\n<ul data-start=\"2068\" data-end=\"2612\">\n<li data-start=\"2068\" data-end=\"2151\">\n<p data-start=\"2070\" data-end=\"2151\">Sich an illegalen Aktivit\u00e4ten oder Aktivit\u00e4ten, die gegen Treu und Glauben und die \u00f6ffentliche Ordnung versto\u00dfen, zu beteiligen.<\/p>\n<\/li>\n<li data-start=\"2152\" data-end=\"2292\">\n<p data-start=\"2154\" data-end=\"2292\">Inhalte rassistischer, fremdenfeindlicher, pornografischer, illegaler Natur, die den Terrorismus verherrlichen oder gegen die Menschenrechte versto\u00dfen, zu verbreiten.<\/p>\n<\/li>\n<li data-start=\"2293\" data-end=\"2392\">\n<p data-start=\"2295\" data-end=\"2392\">Sch\u00e4den an den physischen oder logischen Systemen des Inhabers, seiner Lieferanten oder Dritter zu verursachen.<\/p>\n<\/li>\n<li data-start=\"2393\" data-end=\"2517\">\n<p data-start=\"2395\" data-end=\"2517\">Computerviren oder andere physische oder logische Systeme einzuf\u00fchren oder zu verbreiten, die Sch\u00e4den verursachen k\u00f6nnen.<\/p>\n<\/li>\n<li data-start=\"2518\" data-end=\"2612\">\n<p data-start=\"2520\" data-end=\"2612\">Versuchen, auf E-Mail-Konten anderer Benutzer zuzugreifen und diese gegebenenfalls zu manipulieren.<\/p>\n<\/li>\n<\/ul>\n<p data-start=\"2614\" data-end=\"2815\">Der Inhaber beh\u00e4lt sich das Recht vor, alle Kommentare oder Beitr\u00e4ge zu entfernen, die den Respekt vor der W\u00fcrde der Menschen verletzen oder die seiner Meinung nach f\u00fcr die Ver\u00f6ffentlichung ungeeignet sind.<\/p>\n<hr data-start=\"2817\" data-end=\"2820\">\n<h2 data-start=\"2822\" data-end=\"2844\">DATENSCHUTZ<\/h2>\n<p data-start=\"2846\" data-end=\"3087\">Der Inhaber erf\u00fcllt die Richtlinien der Verordnung (EU) 2016\/679 des Europ\u00e4ischen Parlaments und des Rates (DSGVO), des Organgesetzes 3\/2018 (LOPDGDD) und anderer anwendbarer Vorschriften und sorgt f\u00fcr eine korrekte Verwendung und Verarbeitung der personenbezogenen Daten.<\/p>\n<h3 data-start=\"3089\" data-end=\"3122\">Verantwortlicher f\u00fcr die Verarbeitung<\/h3>\n<ul data-start=\"3123\" data-end=\"3302\">\n<li data-start=\"3123\" data-end=\"3177\">\n<p data-start=\"3125\" data-end=\"3177\"><strong data-start=\"3125\" data-end=\"3139\">Identit\u00e4t:<\/strong> Rub\u00e9n Cubillo Berbel (<em data-start=\"3162\" data-end=\"3174\">der Inhaber<\/em>)<\/p>\n<\/li>\n<li data-start=\"3178\" data-end=\"3248\">\n<p data-start=\"3180\" data-end=\"3248\"><strong data-start=\"3180\" data-end=\"3194\">Adresse:<\/strong> Calle Alcalde Emilio Arroyo L\u00f3pez n\u00ba 8 \u2013 23009 Ja\u00e9n<\/p>\n<\/li>\n<li data-start=\"3249\" data-end=\"3302\">\n<p data-start=\"3251\" data-end=\"3302\"><strong data-start=\"3251\" data-end=\"3274\">E-Mail:<\/strong> <a class=\"decorated-link cursor-pointer\" rel=\"noopener\" data-start=\"3275\" data-end=\"3302\">info@jamonesmontedorado.com<\/a><\/p>\n<\/li>\n<\/ul>\n<h3 data-start=\"3304\" data-end=\"3335\">Zweck der Verarbeitung<\/h3>\n<ul data-start=\"3336\" data-end=\"3526\">\n<li data-start=\"3336\" data-end=\"3369\">\n<p data-start=\"3338\" data-end=\"3369\">Verwaltung von Kunden und Bestellungen<\/p>\n<\/li>\n<li data-start=\"3370\" data-end=\"3415\">\n<p data-start=\"3372\" data-end=\"3415\">Administrative, steuerliche und buchhalterische Verwaltung<\/p>\n<\/li>\n<li data-start=\"3416\" data-end=\"3460\">\n<p data-start=\"3418\" data-end=\"3460\">Kundendienst und Qualit\u00e4tskontrolle<\/p>\n<\/li>\n<li data-start=\"3461\" data-end=\"3526\">\n<p data-start=\"3463\" data-end=\"3526\">Versand von Mitteilungen im Zusammenhang mit der Gesch\u00e4ftst\u00e4tigkeit<\/p>\n<\/li>\n<\/ul>\n<h3 data-start=\"3528\" data-end=\"3544\">Rechtsgrundlage<\/h3>\n<ul data-start=\"3545\" data-end=\"3665\">\n<li data-start=\"3545\" data-end=\"3583\">\n<p data-start=\"3547\" data-end=\"3583\">Erf\u00fcllung eines Handelsvertrags<\/p>\n<\/li>\n<li data-start=\"3584\" data-end=\"3665\">\n<p data-start=\"3586\" data-end=\"3665\">Erf\u00fcllung gesetzlicher Verpflichtungen (Handelsgesetzbuch, Steuervorschriften)<\/p>\n<\/li>\n<\/ul>\n<h3 data-start=\"3667\" data-end=\"3694\">Aufbewahrungsfrist<\/h3>\n<ul data-start=\"3695\" data-end=\"3761\">\n<li data-start=\"3695\" data-end=\"3761\">\n<p data-start=\"3697\" data-end=\"3761\">Gem\u00e4\u00df den Bestimmungen der geltenden Handels- und Steuervorschriften<\/p>\n<\/li>\n<\/ul>\n<h3 data-start=\"3763\" data-end=\"3782\">Empf\u00e4nger<\/h3>\n<ul data-start=\"3783\" data-end=\"3898\">\n<li data-start=\"3783\" data-end=\"3812\">\n<p data-start=\"3785\" data-end=\"3812\">Steuerverwaltung<\/p>\n<\/li>\n<li data-start=\"3813\" data-end=\"3836\">\n<p data-start=\"3815\" data-end=\"3836\">Bankinstitute<\/p>\n<\/li>\n<li data-start=\"3837\" data-end=\"3898\">\n<p data-start=\"3839\" data-end=\"3898\">Technologische Dienstleistungsunternehmen, Beratungsfirmen und Wirtschaftspr\u00fcfer<\/p>\n<\/li>\n<\/ul>\n<h3 data-start=\"3900\" data-end=\"3926\">Rechte des Benutzers<\/h3>\n<p data-start=\"3927\" data-end=\"4137\">Sie k\u00f6nnen Ihre Rechte auf Zugang, Berichtigung, L\u00f6schung, Einschr\u00e4nkung, Widerspruch und Daten\u00fcbertragbarkeit aus\u00fcben, indem Sie eine E-Mail an <strong data-start=\"4049\" data-end=\"4080\"><a class=\"decorated-link cursor-pointer\" rel=\"noopener\" data-start=\"4051\" data-end=\"4078\">info@jamonesmontedorado.com<\/a><\/strong> senden und eine Kopie Ihres Personalausweises oder eines gleichwertigen Dokuments beif\u00fcgen.<\/p>\n<p data-start=\"4139\" data-end=\"4263\">Sie k\u00f6nnen auch eine Beschwerde bei der spanischen Datenschutzbeh\u00f6rde einreichen: <a class=\"decorated-link cursor-pointer\" target=\"_new\" rel=\"noopener\" data-start=\"4229\" data-end=\"4263\">www.aepd.es<\/a><\/p>\n<hr data-start=\"4265\" data-end=\"4268\">\n<h2 data-start=\"4270\" data-end=\"4307\">GEISTIGES UND GEWERBLICHES EIGENTUM<\/h2>\n<p data-start=\"4309\" data-end=\"4571\">Alle Inhalte dieser Website, einschlie\u00dflich Texte, Bilder, Logos, Dateien, Struktur, Design und Pr\u00e4sentation, sind Eigentum des Inhabers oder seiner Lizenzgeber. Die Vervielf\u00e4ltigung, Verbreitung oder \u00f6ffentliche Wiedergabe ohne ausdr\u00fcckliche Genehmigung ist untersagt. <\/p>\n<p data-start=\"4573\" data-end=\"4806\">Der BENUTZER verpflichtet sich, die Rechte des geistigen und gewerblichen Eigentums des Inhabers zu respektieren. Er darf die Elemente des Portals einsehen und sie sogar ausschlie\u00dflich f\u00fcr den pers\u00f6nlichen und privaten Gebrauch ausdrucken, kopieren oder speichern. <\/p>\n<hr data-start=\"4808\" data-end=\"4811\">\n<h2 data-start=\"4813\" data-end=\"4856\">AUSSCHLUSS VON GARANTIEN UND HAFTUNG<\/h2>\n<p data-start=\"4858\" data-end=\"4961\">Der Inhaber haftet in keinem Fall f\u00fcr Sch\u00e4den und Verluste, die sich aus Folgendem ergeben k\u00f6nnen:<\/p>\n<ul data-start=\"4963\" data-end=\"5148\">\n<li data-start=\"4963\" data-end=\"5004\">\n<p data-start=\"4965\" data-end=\"5004\">Fehler oder Auslassungen in den Inhalten<\/p>\n<\/li>\n<li data-start=\"5005\" data-end=\"5043\">\n<p data-start=\"5007\" data-end=\"5043\">Mangelnde Verf\u00fcgbarkeit des Portals<\/p>\n<\/li>\n<li data-start=\"5044\" data-end=\"5148\">\n<p data-start=\"5046\" data-end=\"5148\">\u00dcbertragung von Viren oder b\u00f6sartigen Programmen, obwohl geeignete technologische Ma\u00dfnahmen ergriffen wurden<\/p>\n<\/li>\n<\/ul>\n<hr data-start=\"5150\" data-end=\"5153\">\n<h2 data-start=\"5155\" data-end=\"5172\">\u00c4NDERUNGEN<\/h2>\n<p data-start=\"5174\" data-end=\"5309\">Der Inhaber beh\u00e4lt sich das Recht vor, die Inhalte der Website, ihr Design, ihre Struktur oder ihre Nutzungsbedingungen ohne vorherige Ank\u00fcndigung zu \u00e4ndern.<\/p>\n<hr data-start=\"5311\" data-end=\"5314\">\n<h2 data-start=\"5316\" data-end=\"5335\">EXTERNE LINKS<\/h2>\n<p data-start=\"5337\" data-end=\"5602\">F\u00fcr den Fall, dass die Website Links zu anderen Internetseiten enth\u00e4lt, \u00fcbt der Inhaber keinerlei Kontrolle \u00fcber diese Seiten und Inhalte aus. In keinem Fall \u00fcbernimmt er irgendeine Verantwortung f\u00fcr die Inhalte von Links, die zu fremden Websites geh\u00f6ren. <\/p>\n<hr data-start=\"5604\" data-end=\"5607\">\n<h2 data-start=\"5609\" data-end=\"5632\">AUSSCHLUSSRECHT<\/h2>\n<p data-start=\"5634\" data-end=\"5770\">Der Inhaber beh\u00e4lt sich das Recht vor, den Zugang zur Website f\u00fcr Benutzer, die gegen diese Bedingungen versto\u00dfen, zu verweigern oder zu entziehen.<\/p>\n<hr data-start=\"5772\" data-end=\"5775\">\n<h2 data-start=\"5777\" data-end=\"5806\">RECHT UND GERICHTSSTAND<\/h2>\n<p data-start=\"5808\" data-end=\"5970\">Die Beziehung zwischen dem Inhaber und dem BENUTZER unterliegt dem geltenden spanischen Recht, und alle Streitigkeiten werden den Gerichten von Ja\u00e9n vorgelegt.<\/p>\n<hr data-start=\"5972\" data-end=\"5975\">\n<h1 data-start=\"5977\" data-end=\"5998\">Cookie-Richtlinie<\/h1>\n<h2 data-start=\"6000\" data-end=\"6024\">Was sind Cookies?<\/h2>\n<p data-start=\"6026\" data-end=\"6255\">Ein Cookie ist eine kleine Datei, die beim Surfen auf bestimmten Webseiten auf Ihr Ger\u00e4t heruntergeladen wird. Sie dient dazu, Informationen \u00fcber Ihren Besuch zu speichern, das Surferlebnis zu verbessern und personalisierte Inhalte anzubieten. <\/p>\n<h2 data-start=\"6257\" data-end=\"6292\">Auf dieser Seite verwendete Cookies<\/h2>\n<div class=\"_tableContainer_1rjym_1\">\n<div class=\"group _tableWrapper_1rjym_13 flex w-fit flex-col-reverse\" tabindex=\"-1\">\n<table class=\"w-fit min-w-(--thread-content-width)\" data-start=\"6294\" data-end=\"7221\">\n<thead data-start=\"6294\" data-end=\"6409\">\n<tr data-start=\"6294\" data-end=\"6409\">\n<th data-start=\"6294\" data-end=\"6305\" data-col-size=\"sm\">Typ<\/th>\n<th data-start=\"6305\" data-end=\"6321\" data-col-size=\"sm\">Name<\/th>\n<th data-start=\"6321\" data-end=\"6334\" data-col-size=\"sm\">Dauer<\/th>\n<th data-start=\"6334\" data-end=\"6409\" data-col-size=\"md\">Zweck<\/th>\n<\/tr>\n<\/thead>\n<tbody data-start=\"6526\" data-end=\"7221\">\n<tr data-start=\"6526\" data-end=\"6641\">\n<td data-start=\"6526\" data-end=\"6537\" data-col-size=\"sm\">Eigene<\/td>\n<td data-start=\"6537\" data-end=\"6554\" data-col-size=\"sm\">_cfduid<\/td>\n<td data-start=\"6554\" data-end=\"6567\" data-col-size=\"sm\">5 Jahre<\/td>\n<td data-col-size=\"md\" data-start=\"6567\" data-end=\"6641\">Sicherheit und Zugangskontrolle<\/td>\n<\/tr>\n<tr data-start=\"6642\" data-end=\"6757\">\n<td data-start=\"6642\" data-end=\"6653\" data-col-size=\"sm\">Drittanbieter<\/td>\n<td data-col-size=\"sm\" data-start=\"6653\" data-end=\"6670\">_ga<\/td>\n<td data-col-size=\"sm\" data-start=\"6670\" data-end=\"6683\">2 Jahre<\/td>\n<td data-col-size=\"md\" data-start=\"6683\" data-end=\"6757\">Google Analytics \u2013 Unterscheidung von Nutzern<\/td>\n<\/tr>\n<tr data-start=\"6758\" data-end=\"6873\">\n<td data-start=\"6758\" data-end=\"6769\" data-col-size=\"sm\">Drittanbieter<\/td>\n<td data-col-size=\"sm\" data-start=\"6769\" data-end=\"6786\">_gid<\/td>\n<td data-col-size=\"sm\" data-start=\"6786\" data-end=\"6799\">24 Stunden<\/td>\n<td data-col-size=\"md\" data-start=\"6799\" data-end=\"6873\">Google Analytics \u2013 Unterscheidung von Sitzungen<\/td>\n<\/tr>\n<tr data-start=\"6874\" data-end=\"6989\">\n<td data-start=\"6874\" data-end=\"6885\" data-col-size=\"sm\">Drittanbieter<\/td>\n<td data-col-size=\"sm\" data-start=\"6885\" data-end=\"6902\">_gat<\/td>\n<td data-col-size=\"sm\" data-start=\"6902\" data-end=\"6915\">1 Minute<\/td>\n<td data-col-size=\"md\" data-start=\"6915\" data-end=\"6989\">Google Analytics \u2013 Kontrolle der Anforderungsrate<\/td>\n<\/tr>\n<tr data-start=\"6990\" data-end=\"7105\">\n<td data-start=\"6990\" data-end=\"7001\" data-col-size=\"sm\">Eigene<\/td>\n<td data-start=\"7001\" data-end=\"7018\" data-col-size=\"sm\">ginger-cookie<\/td>\n<td data-col-size=\"sm\" data-start=\"7018\" data-end=\"7031\">999 Jahre<\/td>\n<td data-col-size=\"md\" data-start=\"7031\" data-end=\"7105\">Verwaltung der Cookie-Einwilligung<\/td>\n<\/tr>\n<tr data-start=\"7106\" data-end=\"7221\">\n<td data-start=\"7106\" data-end=\"7117\" data-col-size=\"sm\">Drittanbieter<\/td>\n<td data-col-size=\"sm\" data-start=\"7117\" data-end=\"7134\">SID, SAPISID\u2026<\/td>\n<td data-col-size=\"sm\" data-start=\"7134\" data-end=\"7147\">2 Jahre<\/td>\n<td data-col-size=\"md\" data-start=\"7147\" data-end=\"7221\">Nutzereinstellungen in Google-Diensten<\/td>\n<\/tr>\n<\/tbody>\n<\/table>\n<\/div>\n<\/div>\n<h2 data-start=\"7223\" data-end=\"7245\">Analyse-Cookies<\/h2>\n<p data-start=\"7247\" data-end=\"7439\">Diese Website benutzt <strong data-start=\"7266\" data-end=\"7286\">Google Analytics<\/strong>, einen Webanalysedienst der Google Inc., der es erm\u00f6glicht, Surfgewohnheiten, meistbesuchte Seiten, Sitzungsdauer usw. zu erkennen.<\/p>\n<h2 data-start=\"7441\" data-end=\"7469\">Cookies von sozialen Netzwerken<\/h2>\n<p data-start=\"7471\" data-end=\"7532\">Es k\u00f6nnen auch Cookies von externen Diensten wie den folgenden verwendet werden:<\/p>\n<ul data-start=\"7534\" data-end=\"7583\">\n<li data-start=\"7534\" data-end=\"7550\">\n<p data-start=\"7536\" data-end=\"7550\"><strong data-start=\"7536\" data-end=\"7548\">Facebook<\/strong><\/p>\n<\/li>\n<li data-start=\"7551\" data-end=\"7566\">\n<p data-start=\"7553\" data-end=\"7566\"><strong data-start=\"7553\" data-end=\"7564\">Twitter<\/strong><\/p>\n<\/li>\n<li data-start=\"7567\" data-end=\"7583\">\n<p data-start=\"7569\" data-end=\"7583\"><strong data-start=\"7569\" data-end=\"7581\">LinkedIn<\/strong><\/p>\n<\/li>\n<\/ul>\n<p data-start=\"7585\" data-end=\"7665\">Diese Cookies unterliegen ihren eigenen Datenschutz- und Cookie-Richtlinien.<\/p>\n<h2 data-start=\"7667\" data-end=\"7688\">Cookie-Verwaltung<\/h2>\n<p data-start=\"7690\" data-end=\"7805\">Sie k\u00f6nnen die auf Ihrem Computer installierten Cookies \u00fcber die Einstellungen Ihres Browsers zulassen, blockieren oder l\u00f6schen:<\/p>\n<ul data-start=\"7807\" data-end=\"8125\">\n<li data-start=\"7807\" data-end=\"7883\">\n<p data-start=\"7809\" data-end=\"7883\"><a class=\"decorated-link cursor-pointer\" target=\"_new\" rel=\"noopener\" data-start=\"7809\" data-end=\"7881\">Firefox-Konfiguration<\/a><\/p>\n<\/li>\n<li data-start=\"7884\" data-end=\"7945\">\n<p data-start=\"7886\" data-end=\"7945\"><a class=\"decorated-link cursor-pointer\" target=\"_new\" rel=\"noopener\" data-start=\"7886\" data-end=\"7943\">Chrome-Konfiguration<\/a><\/p>\n<\/li>\n<li data-start=\"7946\" data-end=\"8012\">\n<p data-start=\"7948\" data-end=\"8012\"><a class=\"decorated-link cursor-pointer\" target=\"_new\" rel=\"noopener\" data-start=\"7948\" data-end=\"8010\">Safari-Konfiguration<\/a><\/p>\n<\/li>\n<li data-start=\"8013\" data-end=\"8077\">\n<p data-start=\"8015\" data-end=\"8077\"><a class=\"decorated-link cursor-pointer\" target=\"_new\" rel=\"noopener\" data-start=\"8015\" data-end=\"8075\">Edge\/Explorer-Konfiguration<\/a><\/p>\n<\/li>\n<li data-start=\"8078\" data-end=\"8125\">\n<p data-start=\"8080\" data-end=\"8125\"><a class=\"decorated-link cursor-pointer\" target=\"_new\" rel=\"noopener\" data-start=\"8080\" data-end=\"8125\">Opera-Konfiguration<\/a><\/p>\n<\/li>\n<\/ul>\n<p data-start=\"8127\" data-end=\"8199\">F\u00fcr weitere Informationen k\u00f6nnen Sie schreiben an: <strong data-start=\"8168\" data-end=\"8199\"><a class=\"decorated-link cursor-pointer\" rel=\"noopener\" data-start=\"8170\" data-end=\"8197\">info@jamonesmontedorado.com<\/a><\/strong><\/p>\n","protected":false},"excerpt":{"rendered":"<p>IDENTIFIZIERUNGSANGABEN In Erf\u00fcllung der Informationspflicht gem\u00e4\u00df Artikel 10 des Gesetzes 34\/2002 vom 11. Juli \u00fcber die Dienste der Informationsgesellschaft und den elektronischen Handel (LSSI-CE) werden nachfolgend die Daten des Inhabers dieser Website aufgef\u00fchrt: Inhaber: Rub\u00e9n Cubillo Berbel (im Folgenden der Inhaber) Handelsname: Jamones Monte Dorado Firmensitz: Calle Alcalde Emilio Arroyo L\u00f3pez n\u00ba 8 \u2013 23009 &#8230; <a title=\"Rechtliche Hinweise, Cookies und Datenschutz\" class=\"read-more\" href=\"https:\/\/jamonesmontedorado.com\/de\/rechtliche-hinweise-cookies-und-datenschutz\/\" aria-label=\"Mehr Informationen \u00fcber Rechtliche Hinweise, Cookies und Datenschutz\">Weiterlesen &#8230;<\/a><\/p>\n","protected":false},"author":1,"featured_media":0,"parent":0,"menu_order":0,"comment_status":"closed","ping_status":"closed","template":"","meta":{"footnotes":""},"class_list":["post-3589","page","type-page","status-publish"],"yoast_head":"<!-- This site is optimized with the Yoast SEO plugin v26.4 - https:\/\/yoast.com\/wordpress\/plugins\/seo\/ -->\n<title>Rechtliche Hinweise, Cookies und Datenschutz - Jamones Monte Dorado<\/title>\n<meta name=\"robots\" content=\"noindex, follow\" \/>\n<meta property=\"og:locale\" content=\"de_DE\" \/>\n<meta property=\"og:type\" content=\"article\" \/>\n<meta property=\"og:title\" content=\"Rechtliche Hinweise, Cookies und Datenschutz - Jamones Monte Dorado\" \/>\n<meta property=\"og:description\" content=\"IDENTIFIZIERUNGSANGABEN In Erf\u00fcllung der Informationspflicht gem\u00e4\u00df Artikel 10 des Gesetzes 34\/2002 vom 11. Juli \u00fcber die Dienste der Informationsgesellschaft und den elektronischen Handel (LSSI-CE) werden nachfolgend die Daten des Inhabers dieser Website aufgef\u00fchrt: Inhaber: Rub\u00e9n Cubillo Berbel (im Folgenden der Inhaber) Handelsname: Jamones Monte Dorado Firmensitz: Calle Alcalde Emilio Arroyo L\u00f3pez n\u00ba 8 \u2013 23009 ... Weiterlesen ...\" \/>\n<meta property=\"og:url\" content=\"https:\/\/jamonesmontedorado.com\/de\/rechtliche-hinweise-cookies-und-datenschutz\/\" \/>\n<meta property=\"og:site_name\" content=\"Jamones Monte Dorado\" \/>\n<meta property=\"article:modified_time\" content=\"2025-11-07T01:07:35+00:00\" \/>\n<meta name=\"twitter:card\" content=\"summary_large_image\" \/>\n<meta name=\"twitter:label1\" content=\"Gesch\u00e4tzte Lesezeit\" \/>\n\t<meta name=\"twitter:data1\" content=\"5\u00a0Minute\" \/>\n<script type=\"application\/ld+json\" class=\"yoast-schema-graph\">{\"@context\":\"https:\/\/schema.org\",\"@graph\":[{\"@type\":\"WebPage\",\"@id\":\"https:\/\/jamonesmontedorado.com\/de\/rechtliche-hinweise-cookies-und-datenschutz\/\",\"url\":\"https:\/\/jamonesmontedorado.com\/de\/rechtliche-hinweise-cookies-und-datenschutz\/\",\"name\":\"Rechtliche Hinweise, Cookies und Datenschutz - Jamones Monte Dorado\",\"isPartOf\":{\"@id\":\"https:\/\/jamonesmontedorado.com\/de\/#website\"},\"datePublished\":\"2022-08-10T22:50:51+00:00\",\"dateModified\":\"2025-11-07T01:07:35+00:00\",\"breadcrumb\":{\"@id\":\"https:\/\/jamonesmontedorado.com\/de\/rechtliche-hinweise-cookies-und-datenschutz\/#breadcrumb\"},\"inLanguage\":\"de\",\"potentialAction\":[{\"@type\":\"ReadAction\",\"target\":[\"https:\/\/jamonesmontedorado.com\/de\/rechtliche-hinweise-cookies-und-datenschutz\/\"]}]},{\"@type\":\"BreadcrumbList\",\"@id\":\"https:\/\/jamonesmontedorado.com\/de\/rechtliche-hinweise-cookies-und-datenschutz\/#breadcrumb\",\"itemListElement\":[{\"@type\":\"ListItem\",\"position\":1,\"name\":\"Portada\",\"item\":\"https:\/\/jamonesmontedorado.com\/de\/schinken-und-wurstwaren-von-monte-dorado\/\"},{\"@type\":\"ListItem\",\"position\":2,\"name\":\"Rechtliche Hinweise, Cookies und Datenschutz\"}]},{\"@type\":\"WebSite\",\"@id\":\"https:\/\/jamonesmontedorado.com\/de\/#website\",\"url\":\"https:\/\/jamonesmontedorado.com\/de\/\",\"name\":\"Jamones Monte Dorado\",\"description\":\"Monte Dorado - Jamones, paletas y embutidos\",\"potentialAction\":[{\"@type\":\"SearchAction\",\"target\":{\"@type\":\"EntryPoint\",\"urlTemplate\":\"https:\/\/jamonesmontedorado.com\/de\/?s={search_term_string}\"},\"query-input\":{\"@type\":\"PropertyValueSpecification\",\"valueRequired\":true,\"valueName\":\"search_term_string\"}}],\"inLanguage\":\"de\"}]}<\/script>\n<!-- \/ Yoast SEO plugin. -->","yoast_head_json":{"title":"Rechtliche Hinweise, Cookies und Datenschutz - Jamones Monte Dorado","robots":{"index":"noindex","follow":"follow"},"og_locale":"de_DE","og_type":"article","og_title":"Rechtliche Hinweise, Cookies und Datenschutz - Jamones Monte Dorado","og_description":"IDENTIFIZIERUNGSANGABEN In Erf\u00fcllung der Informationspflicht gem\u00e4\u00df Artikel 10 des Gesetzes 34\/2002 vom 11. Juli \u00fcber die Dienste der Informationsgesellschaft und den elektronischen Handel (LSSI-CE) werden nachfolgend die Daten des Inhabers dieser Website aufgef\u00fchrt: Inhaber: Rub\u00e9n Cubillo Berbel (im Folgenden der Inhaber) Handelsname: Jamones Monte Dorado Firmensitz: Calle Alcalde Emilio Arroyo L\u00f3pez n\u00ba 8 \u2013 23009 ... Weiterlesen ...","og_url":"https:\/\/jamonesmontedorado.com\/de\/rechtliche-hinweise-cookies-und-datenschutz\/","og_site_name":"Jamones Monte Dorado","article_modified_time":"2025-11-07T01:07:35+00:00","twitter_card":"summary_large_image","twitter_misc":{"Gesch\u00e4tzte Lesezeit":"5\u00a0Minute"},"schema":{"@context":"https:\/\/schema.org","@graph":[{"@type":"WebPage","@id":"https:\/\/jamonesmontedorado.com\/de\/rechtliche-hinweise-cookies-und-datenschutz\/","url":"https:\/\/jamonesmontedorado.com\/de\/rechtliche-hinweise-cookies-und-datenschutz\/","name":"Rechtliche Hinweise, Cookies und Datenschutz - Jamones Monte Dorado","isPartOf":{"@id":"https:\/\/jamonesmontedorado.com\/de\/#website"},"datePublished":"2022-08-10T22:50:51+00:00","dateModified":"2025-11-07T01:07:35+00:00","breadcrumb":{"@id":"https:\/\/jamonesmontedorado.com\/de\/rechtliche-hinweise-cookies-und-datenschutz\/#breadcrumb"},"inLanguage":"de","potentialAction":[{"@type":"ReadAction","target":["https:\/\/jamonesmontedorado.com\/de\/rechtliche-hinweise-cookies-und-datenschutz\/"]}]},{"@type":"BreadcrumbList","@id":"https:\/\/jamonesmontedorado.com\/de\/rechtliche-hinweise-cookies-und-datenschutz\/#breadcrumb","itemListElement":[{"@type":"ListItem","position":1,"name":"Portada","item":"https:\/\/jamonesmontedorado.com\/de\/schinken-und-wurstwaren-von-monte-dorado\/"},{"@type":"ListItem","position":2,"name":"Rechtliche Hinweise, Cookies und Datenschutz"}]},{"@type":"WebSite","@id":"https:\/\/jamonesmontedorado.com\/de\/#website","url":"https:\/\/jamonesmontedorado.com\/de\/","name":"Jamones Monte Dorado","description":"Monte Dorado - Jamones, paletas y embutidos","potentialAction":[{"@type":"SearchAction","target":{"@type":"EntryPoint","urlTemplate":"https:\/\/jamonesmontedorado.com\/de\/?s={search_term_string}"},"query-input":{"@type":"PropertyValueSpecification","valueRequired":true,"valueName":"search_term_string"}}],"inLanguage":"de"}]}},"_links":{"self":[{"href":"https:\/\/jamonesmontedorado.com\/de\/wp-json\/wp\/v2\/pages\/3589","targetHints":{"allow":["GET"]}}],"collection":[{"href":"https:\/\/jamonesmontedorado.com\/de\/wp-json\/wp\/v2\/pages"}],"about":[{"href":"https:\/\/jamonesmontedorado.com\/de\/wp-json\/wp\/v2\/types\/page"}],"author":[{"embeddable":true,"href":"https:\/\/jamonesmontedorado.com\/de\/wp-json\/wp\/v2\/users\/1"}],"replies":[{"embeddable":true,"href":"https:\/\/jamonesmontedorado.com\/de\/wp-json\/wp\/v2\/comments?post=3589"}],"version-history":[{"count":1,"href":"https:\/\/jamonesmontedorado.com\/de\/wp-json\/wp\/v2\/pages\/3589\/revisions"}],"predecessor-version":[{"id":3590,"href":"https:\/\/jamonesmontedorado.com\/de\/wp-json\/wp\/v2\/pages\/3589\/revisions\/3590"}],"wp:attachment":[{"href":"https:\/\/jamonesmontedorado.com\/de\/wp-json\/wp\/v2\/media?parent=3589"}],"curies":[{"name":"wp","href":"https:\/\/api.w.org\/{rel}","templated":true}]}}