{"id":3586,"date":"2025-02-26T18:17:18","date_gmt":"2025-02-26T18:17:18","guid":{"rendered":"https:\/\/jamonesmontedorado.com\/monte-dorado-der-ursprung-der-exzellenz\/"},"modified":"2025-11-07T01:07:30","modified_gmt":"2025-11-07T01:07:30","slug":"monte-dorado-der-ursprung-der-exzellenz","status":"publish","type":"page","link":"https:\/\/jamonesmontedorado.com\/de\/monte-dorado-der-ursprung-der-exzellenz\/","title":{"rendered":"MONTE DORADO \u2013 DER URSPRUNG DER EXZELLENZ"},"content":{"rendered":"\t\t<div data-elementor-type=\"wp-page\" data-elementor-id=\"3586\" class=\"elementor elementor-3586 elementor-3104\" data-elementor-post-type=\"page\">\n\t\t\t\t\t\t<section class=\"elementor-section elementor-top-section elementor-element elementor-element-650f3a0 elementor-section-boxed elementor-section-height-default elementor-section-height-default\" data-id=\"650f3a0\" data-element_type=\"section\">\n\t\t\t\t\t\t<div class=\"elementor-container elementor-column-gap-default\">\n\t\t\t\t\t<div class=\"elementor-column elementor-col-100 elementor-top-column elementor-element elementor-element-f9bc333\" data-id=\"f9bc333\" data-element_type=\"column\">\n\t\t\t<div class=\"elementor-widget-wrap elementor-element-populated\">\n\t\t\t\t\t\t<div class=\"elementor-element elementor-element-31e1a11 elementor-widget elementor-widget-heading\" data-id=\"31e1a11\" data-element_type=\"widget\" data-widget_type=\"heading.default\">\n\t\t\t\t<div class=\"elementor-widget-container\">\n\t\t\t\t\t<h1 class=\"elementor-heading-title elementor-size-default\">MONTE DORADO \u2013 DER URSPRUNG DER EXZELLENZ<\/h1>\t\t\t\t<\/div>\n\t\t\t\t<\/div>\n\t\t\t\t<div class=\"elementor-element elementor-element-a7b1812 elementor-widget elementor-widget-text-editor\" data-id=\"a7b1812\" data-element_type=\"widget\" data-widget_type=\"text-editor.default\">\n\t\t\t\t<div class=\"elementor-widget-container\">\n\t\t\t\t\t\t\t\t\t<p data-start=\"254\" data-end=\"691\">Im Herzen des andalusischen Landes, wo die Natur ihre beste Seite zeigt, entsteht <strong data-start=\"345\" data-end=\"361\">Monte Dorado<\/strong>. Wir sind nicht nur eine Schinkenmarke, sondern auch H\u00fcter einer Tradition, die seit Generationen besteht. Hier, im Herzen des Ib\u00e9rico, ist jedes St\u00fcck, das wir herstellen, das Ergebnis sorgf\u00e4ltiger Pflege, von der Auswahl der besten Schweine bis hin zum handwerklichen Verfahren, das jeden Schinken in ein gastronomisches Juwel verwandelt.  <\/p><p data-start=\"693\" data-end=\"877\">Jeder Schnitt, jedes Aroma, jeder Bissen erz\u00e4hlt eine Geschichte von Hingabe und Respekt f\u00fcr unser Land. Denn bei <strong data-start=\"803\" data-end=\"819\">Monte Dorado<\/strong> ist Exzellenz keine Option, sondern unsere Verpflichtung. <\/p>\t\t\t\t\t\t\t\t<\/div>\n\t\t\t\t<\/div>\n\t\t\t\t\t<\/div>\n\t\t<\/div>\n\t\t\t\t\t<\/div>\n\t\t<\/section>\n\t\t\t\t<section class=\"elementor-section elementor-top-section elementor-element elementor-element-9b97a16 elementor-section-boxed elementor-section-height-default elementor-section-height-default\" data-id=\"9b97a16\" data-element_type=\"section\">\n\t\t\t\t\t\t<div class=\"elementor-container elementor-column-gap-default\">\n\t\t\t\t\t<div class=\"elementor-column elementor-col-100 elementor-top-column elementor-element elementor-element-e91d1b1\" data-id=\"e91d1b1\" data-element_type=\"column\">\n\t\t\t<div class=\"elementor-widget-wrap elementor-element-populated\">\n\t\t\t\t\t\t<div class=\"elementor-element elementor-element-165928c elementor-widget elementor-widget-heading\" data-id=\"165928c\" data-element_type=\"widget\" data-widget_type=\"heading.default\">\n\t\t\t\t<div class=\"elementor-widget-container\">\n\t\t\t\t\t<h2 class=\"elementor-heading-title elementor-size-default\">Engagement f\u00fcr Qualit\u00e4t: Eine Kunst, die perfektioniert wird<\/h2>\t\t\t\t<\/div>\n\t\t\t\t<\/div>\n\t\t\t\t<div class=\"elementor-element elementor-element-688be6b elementor-widget elementor-widget-text-editor\" data-id=\"688be6b\" data-element_type=\"widget\" data-widget_type=\"text-editor.default\">\n\t\t\t\t<div class=\"elementor-widget-container\">\n\t\t\t\t\t\t\t\t\t<p data-start=\"951\" data-end=\"1192\">Der Ib\u00e9rico-Schinken ist eine Kunst, und wie jede Kunst erfordert er Geduld, Technik und Hingabe. Bei <strong data-start=\"1041\" data-end=\"1057\">Monte Dorado<\/strong> w\u00e4hlen wir die besten Schweine iberischer Rasse aus und folgen einem sorgf\u00e4ltigen Reifeprozess, der ein au\u00dfergew\u00f6hnliches Produkt garantiert. <\/p><p data-start=\"1194\" data-end=\"1512\">Unsere Schinkenmeister arbeiten mit Leidenschaft und respektieren die nat\u00fcrliche Reifezeit, ohne Abk\u00fcrzungen oder Tricks. Jedes St\u00fcck wird sorgf\u00e4ltig gepr\u00fcft, um sicherzustellen, dass sein Aroma, seine Textur und sein Geschmack perfekt sind. Denn f\u00fcr uns ist das Angebot eines Qualit\u00e4tsprodukts nicht nur ein Standard, sondern eine Pflicht.  <\/p>\t\t\t\t\t\t\t\t<\/div>\n\t\t\t\t<\/div>\n\t\t\t\t\t<\/div>\n\t\t<\/div>\n\t\t\t\t\t<\/div>\n\t\t<\/section>\n\t\t\t\t<section class=\"elementor-section elementor-top-section elementor-element elementor-element-fb34cfc elementor-section-boxed elementor-section-height-default elementor-section-height-default\" data-id=\"fb34cfc\" data-element_type=\"section\">\n\t\t\t\t\t\t<div class=\"elementor-container elementor-column-gap-default\">\n\t\t\t\t\t<div class=\"elementor-column elementor-col-100 elementor-top-column elementor-element elementor-element-d4ae862\" data-id=\"d4ae862\" data-element_type=\"column\">\n\t\t\t<div class=\"elementor-widget-wrap elementor-element-populated\">\n\t\t\t\t\t\t<div class=\"elementor-element elementor-element-4b5112c elementor-widget elementor-widget-heading\" data-id=\"4b5112c\" data-element_type=\"widget\" data-widget_type=\"heading.default\">\n\t\t\t\t<div class=\"elementor-widget-container\">\n\t\t\t\t\t<h2 class=\"elementor-heading-title elementor-size-default\">Nachhaltigkeit: Eine Verpflichtung gegen\u00fcber der Erde<\/h2>\t\t\t\t<\/div>\n\t\t\t\t<\/div>\n\t\t\t\t<div class=\"elementor-element elementor-element-7d960dc elementor-widget elementor-widget-text-editor\" data-id=\"7d960dc\" data-element_type=\"widget\" data-widget_type=\"text-editor.default\">\n\t\t\t\t<div class=\"elementor-widget-container\">\n\t\t\t\t\t\t\t\t\t<p data-start=\"1576\" data-end=\"1822\">Wir wissen, dass die Qualit\u00e4t unseres Produkts vom Respekt vor der Natur abh\u00e4ngt. Bei <strong data-start=\"1661\" data-end=\"1677\">Monte Dorado<\/strong> arbeiten wir nach den Prinzipien der Nachhaltigkeit und des Tierschutzes und stellen sicher, dass unsere Praktiken umweltvertr\u00e4glich sind. <\/p><p data-start=\"1824\" data-end=\"2105\">Unsere Ib\u00e9rico-Schweine wachsen in nat\u00fcrlichen Umgebungen auf, mit einer Ern\u00e4hrung, die auf den Fr\u00fcchten der Dehesa basiert, und einem respektvollen Umgang mit dem \u00d6kosystem. Dar\u00fcber hinaus optimieren wir unsere Prozesse, um die Umweltbelastung zu reduzieren, indem wir erneuerbare Energien nutzen und Abf\u00e4lle minimieren. <\/p><p data-start=\"2107\" data-end=\"2300\">Wir glauben an eine Zukunft, in der Tradition und Nachhaltigkeit Hand in Hand gehen, denn nur so k\u00f6nnen wir garantieren, dass auch kommende Generationen den Reichtum unseres Landes genie\u00dfen k\u00f6nnen.<\/p>\t\t\t\t\t\t\t\t<\/div>\n\t\t\t\t<\/div>\n\t\t\t\t\t<\/div>\n\t\t<\/div>\n\t\t\t\t\t<\/div>\n\t\t<\/section>\n\t\t\t\t<section class=\"elementor-section elementor-top-section elementor-element elementor-element-bfe9065 elementor-section-boxed elementor-section-height-default elementor-section-height-default\" data-id=\"bfe9065\" data-element_type=\"section\">\n\t\t\t\t\t\t<div class=\"elementor-container elementor-column-gap-default\">\n\t\t\t\t\t<div class=\"elementor-column elementor-col-100 elementor-top-column elementor-element elementor-element-007836a\" data-id=\"007836a\" data-element_type=\"column\">\n\t\t\t<div class=\"elementor-widget-wrap elementor-element-populated\">\n\t\t\t\t\t\t<div class=\"elementor-element elementor-element-052cbf7 elementor-widget elementor-widget-heading\" data-id=\"052cbf7\" data-element_type=\"widget\" data-widget_type=\"heading.default\">\n\t\t\t\t<div class=\"elementor-widget-container\">\n\t\t\t\t\t<h2 class=\"elementor-heading-title elementor-size-default\">Soziale Verantwortung: Gemeinsam mit unseren Leuten wachsen<\/h2>\t\t\t\t<\/div>\n\t\t\t\t<\/div>\n\t\t\t\t<div class=\"elementor-element elementor-element-0dd0081 elementor-widget elementor-widget-text-editor\" data-id=\"0dd0081\" data-element_type=\"widget\" data-widget_type=\"text-editor.default\">\n\t\t\t\t<div class=\"elementor-widget-container\">\n\t\t\t\t\t\t\t\t\t<p data-start=\"2372\" data-end=\"2612\">Die Seele von <strong data-start=\"2383\" data-end=\"2399\">Monte Dorado<\/strong> liegt nicht nur in seinen Schinken, sondern auch in den Menschen, die sie m\u00f6glich machen. Deshalb setzen wir uns f\u00fcr die lokale Entwicklung ein und unterst\u00fctzen Viehz\u00fcchter, Handwerker und kleine Gemeinschaften, die ihr Leben diesem Handwerk gewidmet haben. <\/p><p data-start=\"2614\" data-end=\"2889\">Jeder Kauf von <strong data-start=\"2629\" data-end=\"2645\">Monte Dorado<\/strong> tr\u00e4gt dazu bei, Traditionen am Leben zu erhalten, Arbeitspl\u00e4tze in l\u00e4ndlichen Gebieten zu schaffen und ethische Praktiken innerhalb des Sektors zu f\u00f6rdern. Denn hinter jedem St\u00fcck Schinken stehen Geschichten von Anstrengung, Hingabe und einer tiefen Liebe zu unserem Land. <\/p><p data-start=\"2891\" data-end=\"2960\">Bei <strong data-start=\"2894\" data-end=\"2910\">Monte Dorado<\/strong> verkaufen wir nicht nur Schinken. Wir bauen ein Verm\u00e4chtnis. <\/p>\t\t\t\t\t\t\t\t<\/div>\n\t\t\t\t<\/div>\n\t\t\t\t\t<\/div>\n\t\t<\/div>\n\t\t\t\t\t<\/div>\n\t\t<\/section>\n\t\t\t\t<\/div>\n\t\t","protected":false},"excerpt":{"rendered":"<p>MONTE DORADO \u2013 DER URSPRUNG DER EXZELLENZ Im Herzen des andalusischen Landes, wo die Natur ihre beste Seite zeigt, entsteht Monte Dorado. Wir sind nicht nur eine Schinkenmarke, sondern auch H\u00fcter einer Tradition, die seit Generationen besteht. Hier, im Herzen des Ib\u00e9rico, ist jedes St\u00fcck, das wir herstellen, das Ergebnis sorgf\u00e4ltiger Pflege, von der Auswahl &#8230; <a title=\"MONTE DORADO \u2013 DER URSPRUNG DER EXZELLENZ\" class=\"read-more\" href=\"https:\/\/jamonesmontedorado.com\/de\/monte-dorado-der-ursprung-der-exzellenz\/\" aria-label=\"Mehr Informationen \u00fcber MONTE DORADO \u2013 DER URSPRUNG DER EXZELLENZ\">Weiterlesen &#8230;<\/a><\/p>\n","protected":false},"author":1,"featured_media":0,"parent":0,"menu_order":0,"comment_status":"closed","ping_status":"closed","template":"","meta":{"footnotes":""},"class_list":["post-3586","page","type-page","status-publish"],"yoast_head":"<!-- This site is optimized with the Yoast SEO plugin v26.4 - https:\/\/yoast.com\/wordpress\/plugins\/seo\/ -->\n<title>MONTE DORADO \u2013 DER URSPRUNG DER EXZELLENZ<\/title>\n<meta name=\"robots\" content=\"index, follow, max-snippet:-1, max-image-preview:large, max-video-preview:-1\" \/>\n<link rel=\"canonical\" href=\"https:\/\/jamonesmontedorado.com\/de\/monte-dorado-der-ursprung-der-exzellenz\/\" \/>\n<meta property=\"og:locale\" content=\"de_DE\" \/>\n<meta property=\"og:type\" content=\"article\" \/>\n<meta property=\"og:title\" content=\"MONTE DORADO \u2013 DER URSPRUNG DER EXZELLENZ\" \/>\n<meta property=\"og:description\" content=\"MONTE DORADO \u2013 DER URSPRUNG DER EXZELLENZ Im Herzen des andalusischen Landes, wo die Natur ihre beste Seite zeigt, entsteht Monte Dorado. Wir sind nicht nur eine Schinkenmarke, sondern auch H\u00fcter einer Tradition, die seit Generationen besteht. Hier, im Herzen des Ib\u00e9rico, ist jedes St\u00fcck, das wir herstellen, das Ergebnis sorgf\u00e4ltiger Pflege, von der Auswahl ... Weiterlesen ...\" \/>\n<meta property=\"og:url\" content=\"https:\/\/jamonesmontedorado.com\/de\/monte-dorado-der-ursprung-der-exzellenz\/\" \/>\n<meta property=\"og:site_name\" content=\"Jamones Monte Dorado\" \/>\n<meta property=\"article:modified_time\" content=\"2025-11-07T01:07:30+00:00\" \/>\n<meta name=\"twitter:card\" content=\"summary_large_image\" \/>\n<meta name=\"twitter:label1\" content=\"Gesch\u00e4tzte Lesezeit\" \/>\n\t<meta name=\"twitter:data1\" content=\"2\u00a0Minute\" \/>\n<script type=\"application\/ld+json\" class=\"yoast-schema-graph\">{\"@context\":\"https:\/\/schema.org\",\"@graph\":[{\"@type\":\"WebPage\",\"@id\":\"https:\/\/jamonesmontedorado.com\/de\/monte-dorado-der-ursprung-der-exzellenz\/\",\"url\":\"https:\/\/jamonesmontedorado.com\/de\/monte-dorado-der-ursprung-der-exzellenz\/\",\"name\":\"MONTE DORADO \u2013 DER URSPRUNG DER EXZELLENZ\",\"isPartOf\":{\"@id\":\"https:\/\/jamonesmontedorado.com\/de\/#website\"},\"datePublished\":\"2025-02-26T18:17:18+00:00\",\"dateModified\":\"2025-11-07T01:07:30+00:00\",\"breadcrumb\":{\"@id\":\"https:\/\/jamonesmontedorado.com\/de\/monte-dorado-der-ursprung-der-exzellenz\/#breadcrumb\"},\"inLanguage\":\"de\",\"potentialAction\":[{\"@type\":\"ReadAction\",\"target\":[\"https:\/\/jamonesmontedorado.com\/de\/monte-dorado-der-ursprung-der-exzellenz\/\"]}]},{\"@type\":\"BreadcrumbList\",\"@id\":\"https:\/\/jamonesmontedorado.com\/de\/monte-dorado-der-ursprung-der-exzellenz\/#breadcrumb\",\"itemListElement\":[{\"@type\":\"ListItem\",\"position\":1,\"name\":\"Portada\",\"item\":\"https:\/\/jamonesmontedorado.com\/de\/schinken-und-wurstwaren-von-monte-dorado\/\"},{\"@type\":\"ListItem\",\"position\":2,\"name\":\"MONTE DORADO \u2013 DER URSPRUNG DER EXZELLENZ\"}]},{\"@type\":\"WebSite\",\"@id\":\"https:\/\/jamonesmontedorado.com\/de\/#website\",\"url\":\"https:\/\/jamonesmontedorado.com\/de\/\",\"name\":\"Jamones Monte Dorado\",\"description\":\"Monte Dorado - Jamones, paletas y embutidos\",\"potentialAction\":[{\"@type\":\"SearchAction\",\"target\":{\"@type\":\"EntryPoint\",\"urlTemplate\":\"https:\/\/jamonesmontedorado.com\/de\/?s={search_term_string}\"},\"query-input\":{\"@type\":\"PropertyValueSpecification\",\"valueRequired\":true,\"valueName\":\"search_term_string\"}}],\"inLanguage\":\"de\"}]}<\/script>\n<!-- \/ Yoast SEO plugin. -->","yoast_head_json":{"title":"MONTE DORADO \u2013 DER URSPRUNG DER EXZELLENZ","robots":{"index":"index","follow":"follow","max-snippet":"max-snippet:-1","max-image-preview":"max-image-preview:large","max-video-preview":"max-video-preview:-1"},"canonical":"https:\/\/jamonesmontedorado.com\/de\/monte-dorado-der-ursprung-der-exzellenz\/","og_locale":"de_DE","og_type":"article","og_title":"MONTE DORADO \u2013 DER URSPRUNG DER EXZELLENZ","og_description":"MONTE DORADO \u2013 DER URSPRUNG DER EXZELLENZ Im Herzen des andalusischen Landes, wo die Natur ihre beste Seite zeigt, entsteht Monte Dorado. Wir sind nicht nur eine Schinkenmarke, sondern auch H\u00fcter einer Tradition, die seit Generationen besteht. Hier, im Herzen des Ib\u00e9rico, ist jedes St\u00fcck, das wir herstellen, das Ergebnis sorgf\u00e4ltiger Pflege, von der Auswahl ... Weiterlesen ...","og_url":"https:\/\/jamonesmontedorado.com\/de\/monte-dorado-der-ursprung-der-exzellenz\/","og_site_name":"Jamones Monte Dorado","article_modified_time":"2025-11-07T01:07:30+00:00","twitter_card":"summary_large_image","twitter_misc":{"Gesch\u00e4tzte Lesezeit":"2\u00a0Minute"},"schema":{"@context":"https:\/\/schema.org","@graph":[{"@type":"WebPage","@id":"https:\/\/jamonesmontedorado.com\/de\/monte-dorado-der-ursprung-der-exzellenz\/","url":"https:\/\/jamonesmontedorado.com\/de\/monte-dorado-der-ursprung-der-exzellenz\/","name":"MONTE DORADO \u2013 DER URSPRUNG DER EXZELLENZ","isPartOf":{"@id":"https:\/\/jamonesmontedorado.com\/de\/#website"},"datePublished":"2025-02-26T18:17:18+00:00","dateModified":"2025-11-07T01:07:30+00:00","breadcrumb":{"@id":"https:\/\/jamonesmontedorado.com\/de\/monte-dorado-der-ursprung-der-exzellenz\/#breadcrumb"},"inLanguage":"de","potentialAction":[{"@type":"ReadAction","target":["https:\/\/jamonesmontedorado.com\/de\/monte-dorado-der-ursprung-der-exzellenz\/"]}]},{"@type":"BreadcrumbList","@id":"https:\/\/jamonesmontedorado.com\/de\/monte-dorado-der-ursprung-der-exzellenz\/#breadcrumb","itemListElement":[{"@type":"ListItem","position":1,"name":"Portada","item":"https:\/\/jamonesmontedorado.com\/de\/schinken-und-wurstwaren-von-monte-dorado\/"},{"@type":"ListItem","position":2,"name":"MONTE DORADO \u2013 DER URSPRUNG DER EXZELLENZ"}]},{"@type":"WebSite","@id":"https:\/\/jamonesmontedorado.com\/de\/#website","url":"https:\/\/jamonesmontedorado.com\/de\/","name":"Jamones Monte Dorado","description":"Monte Dorado - Jamones, paletas y embutidos","potentialAction":[{"@type":"SearchAction","target":{"@type":"EntryPoint","urlTemplate":"https:\/\/jamonesmontedorado.com\/de\/?s={search_term_string}"},"query-input":{"@type":"PropertyValueSpecification","valueRequired":true,"valueName":"search_term_string"}}],"inLanguage":"de"}]}},"_links":{"self":[{"href":"https:\/\/jamonesmontedorado.com\/de\/wp-json\/wp\/v2\/pages\/3586","targetHints":{"allow":["GET"]}}],"collection":[{"href":"https:\/\/jamonesmontedorado.com\/de\/wp-json\/wp\/v2\/pages"}],"about":[{"href":"https:\/\/jamonesmontedorado.com\/de\/wp-json\/wp\/v2\/types\/page"}],"author":[{"embeddable":true,"href":"https:\/\/jamonesmontedorado.com\/de\/wp-json\/wp\/v2\/users\/1"}],"replies":[{"embeddable":true,"href":"https:\/\/jamonesmontedorado.com\/de\/wp-json\/wp\/v2\/comments?post=3586"}],"version-history":[{"count":1,"href":"https:\/\/jamonesmontedorado.com\/de\/wp-json\/wp\/v2\/pages\/3586\/revisions"}],"predecessor-version":[{"id":3587,"href":"https:\/\/jamonesmontedorado.com\/de\/wp-json\/wp\/v2\/pages\/3586\/revisions\/3587"}],"wp:attachment":[{"href":"https:\/\/jamonesmontedorado.com\/de\/wp-json\/wp\/v2\/media?parent=3586"}],"curies":[{"name":"wp","href":"https:\/\/api.w.org\/{rel}","templated":true}]}}