{"id":3571,"date":"2022-08-10T21:24:33","date_gmt":"2022-08-10T21:24:33","guid":{"rendered":"https:\/\/jamonesmontedorado.com\/sichere-zahlung\/"},"modified":"2025-11-07T01:07:02","modified_gmt":"2025-11-07T01:07:02","slug":"sichere-zahlung","status":"publish","type":"page","link":"https:\/\/jamonesmontedorado.com\/de\/sichere-zahlung\/","title":{"rendered":"Sichere Zahlung"},"content":{"rendered":"<h2 data-start=\"466\" data-end=\"522\">Kaufen Sie mit vollem Vertrauen bei Jamones Monte Dorado<\/h2>\n<p data-start=\"524\" data-end=\"856\">Bei <strong data-start=\"527\" data-end=\"553\">jamonesmontedorado.com<\/strong> verstehen wir, dass die Sicherheit beim Kauf genauso wichtig ist wie die Qualit\u00e4t unserer Produkte. Deshalb bieten wir Ihnen verschiedene <strong data-start=\"719\" data-end=\"760\">bequeme, schnelle und absolut sichere<\/strong> Zahlungsmethoden an, die auf Ihre Pr\u00e4ferenzen und die h\u00f6chsten Standards des aktuellen elektronischen Handels zugeschnitten sind. <\/p>\n<p data-start=\"858\" data-end=\"1078\">Alle Transaktionen, die in unserem Online-Shop get\u00e4tigt werden, sind durch <strong data-start=\"944\" data-end=\"971\">SSL-Verschl\u00fcsselungssysteme<\/strong> gesch\u00fctzt, die die Vertraulichkeit Ihrer pers\u00f6nlichen und Bankdaten w\u00e4hrend des gesamten Kaufprozesses gew\u00e4hrleisten.<\/p>\n<p data-start=\"1080\" data-end=\"1142\">Im Folgenden erl\u00e4utern wir die verf\u00fcgbaren Zahlungsmethoden:<\/p>\n<hr data-start=\"1144\" data-end=\"1147\">\n<h2 data-start=\"1149\" data-end=\"1201\">1. Bankkarte (sicheres virtuelles POS \u2013 Stripe)<\/h2>\n<p data-start=\"1203\" data-end=\"1321\">Wir akzeptieren Zahlungen mit <strong data-start=\"1223\" data-end=\"1255\">Kredit- und Debitkarten<\/strong>: Visa, Mastercard, American Express und andere kompatible Karten.<\/p>\n<p data-start=\"1323\" data-end=\"1598\">Das verwendete Zahlungsgateway ist <strong data-start=\"1356\" data-end=\"1366\">Stripe<\/strong>, eine der weltweit anerkanntesten und sichersten Plattformen f\u00fcr Online-Zahlungen. Ihre Bankdaten werden direkt in eine verschl\u00fcsselte und sichere Umgebung eingegeben, <strong data-start=\"1525\" data-end=\"1597\">ohne dass wir jemals Zugriff auf diese Informationen haben<\/strong>. <\/p>\n<p data-start=\"1600\" data-end=\"1846\">Stripe erf\u00fcllt die <strong data-start=\"1631\" data-end=\"1642\">PCI-DSS<\/strong>-Standards, den internationalen Sicherheitsstandard f\u00fcr die Verarbeitung von Bankdaten. Dar\u00fcber hinaus erm\u00f6glicht es die sofortige \u00dcberpr\u00fcfung der Zahlung, sodass Ihre Bestellung direkt in die Vorbereitungs- und Versandphase \u00fcbergeht. <\/p>\n<hr data-start=\"1848\" data-end=\"1851\">\n<h2 data-start=\"1853\" data-end=\"1865\">2. PayPal<\/h2>\n<p data-start=\"1867\" data-end=\"2053\">Sie k\u00f6nnen Ihre Zahlung auch \u00fcber <strong data-start=\"1911\" data-end=\"1921\">PayPal<\/strong> vornehmen, eine internationale Plattform, die es Ihnen erm\u00f6glicht, Ihre Eink\u00e4ufe sicher zu bezahlen, ohne Finanzdaten an den Verk\u00e4ufer weiterzugeben.<\/p>\n<p data-start=\"2055\" data-end=\"2192\">Sie k\u00f6nnen mit Ihrem PayPal-Konto bezahlen oder, falls Sie kein Konto haben, Ihre Bankkarte innerhalb der Plattform verwenden, ohne sich registrieren zu m\u00fcssen.<\/p>\n<p data-start=\"2194\" data-end=\"2349\">Sobald die Zahlung best\u00e4tigt wurde, erhalten Sie eine Benachrichtigung sowohl von PayPal als auch von unserem Shop, und Ihre Bestellung wird sofort bearbeitet.<\/p>\n<hr data-start=\"2351\" data-end=\"2354\">\n<h2 data-start=\"2356\" data-end=\"2384\">3. Bank\u00fcberweisung<\/h2>\n<p data-start=\"2386\" data-end=\"2492\">Wenn Sie es vorziehen, k\u00f6nnen Sie per <strong data-start=\"2437\" data-end=\"2491\">Bank\u00fcberweisung oder direkter Einzahlung auf unser Konto<\/strong> bezahlen.<\/p>\n<p data-start=\"2494\" data-end=\"2616\">Sobald Sie Ihre Bestellung abgeschlossen haben, erhalten Sie die notwendigen Daten f\u00fcr die \u00dcberweisung. Wir geben sie Ihnen auch hier an: <\/p>\n<ul data-start=\"2618\" data-end=\"2808\">\n<li data-start=\"2618\" data-end=\"2657\">\n<p data-start=\"2620\" data-end=\"2657\"><strong data-start=\"2620\" data-end=\"2632\">Entit\u00e4t:<\/strong> CaixaBank \u2013 \u201eLa Caixa\u201c<\/p>\n<\/li>\n<li data-start=\"2658\" data-end=\"2701\">\n<p data-start=\"2660\" data-end=\"2701\"><strong data-start=\"2660\" data-end=\"2669\">IBAN:<\/strong> ES41 2038 3645 6560 0034 1553<\/p>\n<\/li>\n<li data-start=\"2702\" data-end=\"2732\">\n<p data-start=\"2704\" data-end=\"2732\"><strong data-start=\"2704\" data-end=\"2718\">BIC\/SWIFT:<\/strong> CAHMESMMXXX<\/p>\n<\/li>\n<li data-start=\"2733\" data-end=\"2775\">\n<p data-start=\"2735\" data-end=\"2775\"><strong data-start=\"2735\" data-end=\"2752\">Beg\u00fcnstigter:<\/strong> Jamones Monte Dorado<\/p>\n<\/li>\n<li data-start=\"2776\" data-end=\"2808\">\n<p data-start=\"2778\" data-end=\"2808\"><strong data-start=\"2778\" data-end=\"2791\">Verwendungszweck:<\/strong> Bestellnummer<\/p>\n<\/li>\n<\/ul>\n<p data-start=\"2810\" data-end=\"3134\">Sobald die Einzahlung erfolgt ist, <strong data-start=\"2840\" data-end=\"2882\">empfehlen wir Ihnen, den Zahlungsnachweis<\/strong> an <a class=\"decorated-link cursor-pointer\" rel=\"noopener\" data-start=\"2885\" data-end=\"2912\">info@jamonesmontedorado.com<\/a> zu senden, um den Vorgang zu beschleunigen. Zahlungen per \u00dcberweisung k\u00f6nnen <strong data-start=\"2987\" data-end=\"3012\">24 bis 48 Stunden dauern<\/strong>, bis sie wirksam werden. Wenn wir die Gutschrift nicht innerhalb von 5 Kalendertagen erhalten, wird die Bestellung automatisch storniert.  <\/p>\n<hr data-start=\"3136\" data-end=\"3139\">\n<h2 data-start=\"3141\" data-end=\"3169\">4. Google Pay und Apple Pay<\/h2>\n<p data-start=\"3171\" data-end=\"3279\">Wir akzeptieren auch Zahlungen \u00fcber <strong data-start=\"3204\" data-end=\"3218\">Google Pay<\/strong> und <strong data-start=\"3221\" data-end=\"3234\">Apple Pay<\/strong>, die von kompatiblen Ger\u00e4ten aus verf\u00fcgbar sind.<\/p>\n<p data-start=\"3281\" data-end=\"3579\">Diese Methoden erm\u00f6glichen es Ihnen, den Kauf fast sofort zu t\u00e4tigen, indem Sie die zuvor in Ihrem Google- oder Apple-Konto gespeicherten Daten verwenden, ohne Ihre Bankdaten manuell eingeben zu m\u00fcssen. Der gesamte Prozess ist durch biometrische Sicherheitsma\u00dfnahmen oder Zwei-Faktor-Authentifizierung gesch\u00fctzt. <\/p>\n<hr data-start=\"3581\" data-end=\"3584\">\n<h2 data-start=\"3586\" data-end=\"3617\">Maximale Sicherheit und Vertrauen<\/h2>\n<p data-start=\"3619\" data-end=\"3973\">Alle Zahlungen, die auf jamonesmontedorado.com get\u00e4tigt werden, erfolgen \u00fcber <strong data-start=\"3696\" data-end=\"3769\">verschl\u00fcsselte, sichere und von der europ\u00e4ischen Richtlinie PSD2 zugelassene Kan\u00e4le<\/strong>. Dar\u00fcber hinaus sind unsere Gateways in Authentifizierungsprotokolle wie <strong data-start=\"3852\" data-end=\"3865\">3D Secure<\/strong> und Datentokenisierung integriert, sodass Sie mit dem gleichen Vertrauen kaufen k\u00f6nnen, mit dem Sie unsere Schinken ausw\u00e4hlen. <\/p>\n<hr data-start=\"3975\" data-end=\"3978\">\n<h2 data-start=\"3980\" data-end=\"4008\">Haben Sie Fragen oder ben\u00f6tigen Sie Hilfe?<\/h2>\n<p data-start=\"4010\" data-end=\"4147\">Wenn Sie Fragen zu den Zahlungsmethoden haben oder Hilfe bei der Vervollst\u00e4ndigung Ihrer Bestellung ben\u00f6tigen, helfen wir Ihnen gerne weiter.<\/p>\n<p data-start=\"4149\" data-end=\"4258\">\ud83d\udce7 Schreiben Sie uns an: <strong data-start=\"4166\" data-end=\"4197\"><a class=\"decorated-link cursor-pointer\" rel=\"noopener\" data-start=\"4168\" data-end=\"4195\">info@jamonesmontedorado.com<\/a><\/strong><br data-start=\"4197\" data-end=\"4200\">\ud83d\udcf1 Sie k\u00f6nnen uns auch per WhatsApp \u00fcber unsere Website kontaktieren<\/p>\n","protected":false},"excerpt":{"rendered":"<p>Kaufen Sie mit vollem Vertrauen bei Jamones Monte Dorado Bei jamonesmontedorado.com verstehen wir, dass die Sicherheit beim Kauf genauso wichtig ist wie die Qualit\u00e4t unserer Produkte. Deshalb bieten wir Ihnen verschiedene bequeme, schnelle und absolut sichere Zahlungsmethoden an, die auf Ihre Pr\u00e4ferenzen und die h\u00f6chsten Standards des aktuellen elektronischen Handels zugeschnitten sind. Alle Transaktionen, die &#8230; <a title=\"Sichere Zahlung\" class=\"read-more\" href=\"https:\/\/jamonesmontedorado.com\/de\/sichere-zahlung\/\" aria-label=\"Mehr Informationen \u00fcber Sichere Zahlung\">Weiterlesen &#8230;<\/a><\/p>\n","protected":false},"author":1,"featured_media":0,"parent":0,"menu_order":0,"comment_status":"closed","ping_status":"closed","template":"","meta":{"footnotes":""},"class_list":["post-3571","page","type-page","status-publish"],"yoast_head":"<!-- This site is optimized with the Yoast SEO plugin v26.4 - https:\/\/yoast.com\/wordpress\/plugins\/seo\/ -->\n<title>Sichere Zahlung - Jamones Monte Dorado<\/title>\n<meta name=\"robots\" content=\"noindex, nofollow\" \/>\n<meta property=\"og:locale\" content=\"de_DE\" \/>\n<meta property=\"og:type\" content=\"article\" \/>\n<meta property=\"og:title\" content=\"Sichere Zahlung - Jamones Monte Dorado\" \/>\n<meta property=\"og:description\" content=\"Kaufen Sie mit vollem Vertrauen bei Jamones Monte Dorado Bei jamonesmontedorado.com verstehen wir, dass die Sicherheit beim Kauf genauso wichtig ist wie die Qualit\u00e4t unserer Produkte. Deshalb bieten wir Ihnen verschiedene bequeme, schnelle und absolut sichere Zahlungsmethoden an, die auf Ihre Pr\u00e4ferenzen und die h\u00f6chsten Standards des aktuellen elektronischen Handels zugeschnitten sind. Alle Transaktionen, die ... Weiterlesen ...\" \/>\n<meta property=\"og:url\" content=\"https:\/\/jamonesmontedorado.com\/de\/sichere-zahlung\/\" \/>\n<meta property=\"og:site_name\" content=\"Jamones Monte Dorado\" \/>\n<meta property=\"article:modified_time\" content=\"2025-11-07T01:07:02+00:00\" \/>\n<meta name=\"twitter:card\" content=\"summary_large_image\" \/>\n<meta name=\"twitter:label1\" content=\"Gesch\u00e4tzte Lesezeit\" \/>\n\t<meta name=\"twitter:data1\" content=\"3\u00a0Minute\" \/>\n<script type=\"application\/ld+json\" class=\"yoast-schema-graph\">{\"@context\":\"https:\/\/schema.org\",\"@graph\":[{\"@type\":\"WebPage\",\"@id\":\"https:\/\/jamonesmontedorado.com\/de\/sichere-zahlung\/\",\"url\":\"https:\/\/jamonesmontedorado.com\/de\/sichere-zahlung\/\",\"name\":\"Sichere Zahlung - Jamones Monte Dorado\",\"isPartOf\":{\"@id\":\"https:\/\/jamonesmontedorado.com\/de\/#website\"},\"datePublished\":\"2022-08-10T21:24:33+00:00\",\"dateModified\":\"2025-11-07T01:07:02+00:00\",\"breadcrumb\":{\"@id\":\"https:\/\/jamonesmontedorado.com\/de\/sichere-zahlung\/#breadcrumb\"},\"inLanguage\":\"de\",\"potentialAction\":[{\"@type\":\"ReadAction\",\"target\":[\"https:\/\/jamonesmontedorado.com\/de\/sichere-zahlung\/\"]}]},{\"@type\":\"BreadcrumbList\",\"@id\":\"https:\/\/jamonesmontedorado.com\/de\/sichere-zahlung\/#breadcrumb\",\"itemListElement\":[{\"@type\":\"ListItem\",\"position\":1,\"name\":\"Portada\",\"item\":\"https:\/\/jamonesmontedorado.com\/de\/schinken-und-wurstwaren-von-monte-dorado\/\"},{\"@type\":\"ListItem\",\"position\":2,\"name\":\"Sichere Zahlung\"}]},{\"@type\":\"WebSite\",\"@id\":\"https:\/\/jamonesmontedorado.com\/de\/#website\",\"url\":\"https:\/\/jamonesmontedorado.com\/de\/\",\"name\":\"Jamones Monte Dorado\",\"description\":\"Monte Dorado - Jamones, paletas y embutidos\",\"potentialAction\":[{\"@type\":\"SearchAction\",\"target\":{\"@type\":\"EntryPoint\",\"urlTemplate\":\"https:\/\/jamonesmontedorado.com\/de\/?s={search_term_string}\"},\"query-input\":{\"@type\":\"PropertyValueSpecification\",\"valueRequired\":true,\"valueName\":\"search_term_string\"}}],\"inLanguage\":\"de\"}]}<\/script>\n<!-- \/ Yoast SEO plugin. -->","yoast_head_json":{"title":"Sichere Zahlung - Jamones Monte Dorado","robots":{"index":"noindex","follow":"nofollow"},"og_locale":"de_DE","og_type":"article","og_title":"Sichere Zahlung - Jamones Monte Dorado","og_description":"Kaufen Sie mit vollem Vertrauen bei Jamones Monte Dorado Bei jamonesmontedorado.com verstehen wir, dass die Sicherheit beim Kauf genauso wichtig ist wie die Qualit\u00e4t unserer Produkte. Deshalb bieten wir Ihnen verschiedene bequeme, schnelle und absolut sichere Zahlungsmethoden an, die auf Ihre Pr\u00e4ferenzen und die h\u00f6chsten Standards des aktuellen elektronischen Handels zugeschnitten sind. Alle Transaktionen, die ... Weiterlesen ...","og_url":"https:\/\/jamonesmontedorado.com\/de\/sichere-zahlung\/","og_site_name":"Jamones Monte Dorado","article_modified_time":"2025-11-07T01:07:02+00:00","twitter_card":"summary_large_image","twitter_misc":{"Gesch\u00e4tzte Lesezeit":"3\u00a0Minute"},"schema":{"@context":"https:\/\/schema.org","@graph":[{"@type":"WebPage","@id":"https:\/\/jamonesmontedorado.com\/de\/sichere-zahlung\/","url":"https:\/\/jamonesmontedorado.com\/de\/sichere-zahlung\/","name":"Sichere Zahlung - Jamones Monte Dorado","isPartOf":{"@id":"https:\/\/jamonesmontedorado.com\/de\/#website"},"datePublished":"2022-08-10T21:24:33+00:00","dateModified":"2025-11-07T01:07:02+00:00","breadcrumb":{"@id":"https:\/\/jamonesmontedorado.com\/de\/sichere-zahlung\/#breadcrumb"},"inLanguage":"de","potentialAction":[{"@type":"ReadAction","target":["https:\/\/jamonesmontedorado.com\/de\/sichere-zahlung\/"]}]},{"@type":"BreadcrumbList","@id":"https:\/\/jamonesmontedorado.com\/de\/sichere-zahlung\/#breadcrumb","itemListElement":[{"@type":"ListItem","position":1,"name":"Portada","item":"https:\/\/jamonesmontedorado.com\/de\/schinken-und-wurstwaren-von-monte-dorado\/"},{"@type":"ListItem","position":2,"name":"Sichere Zahlung"}]},{"@type":"WebSite","@id":"https:\/\/jamonesmontedorado.com\/de\/#website","url":"https:\/\/jamonesmontedorado.com\/de\/","name":"Jamones Monte Dorado","description":"Monte Dorado - Jamones, paletas y embutidos","potentialAction":[{"@type":"SearchAction","target":{"@type":"EntryPoint","urlTemplate":"https:\/\/jamonesmontedorado.com\/de\/?s={search_term_string}"},"query-input":{"@type":"PropertyValueSpecification","valueRequired":true,"valueName":"search_term_string"}}],"inLanguage":"de"}]}},"_links":{"self":[{"href":"https:\/\/jamonesmontedorado.com\/de\/wp-json\/wp\/v2\/pages\/3571","targetHints":{"allow":["GET"]}}],"collection":[{"href":"https:\/\/jamonesmontedorado.com\/de\/wp-json\/wp\/v2\/pages"}],"about":[{"href":"https:\/\/jamonesmontedorado.com\/de\/wp-json\/wp\/v2\/types\/page"}],"author":[{"embeddable":true,"href":"https:\/\/jamonesmontedorado.com\/de\/wp-json\/wp\/v2\/users\/1"}],"replies":[{"embeddable":true,"href":"https:\/\/jamonesmontedorado.com\/de\/wp-json\/wp\/v2\/comments?post=3571"}],"version-history":[{"count":1,"href":"https:\/\/jamonesmontedorado.com\/de\/wp-json\/wp\/v2\/pages\/3571\/revisions"}],"predecessor-version":[{"id":3572,"href":"https:\/\/jamonesmontedorado.com\/de\/wp-json\/wp\/v2\/pages\/3571\/revisions\/3572"}],"wp:attachment":[{"href":"https:\/\/jamonesmontedorado.com\/de\/wp-json\/wp\/v2\/media?parent=3571"}],"curies":[{"name":"wp","href":"https:\/\/api.w.org\/{rel}","templated":true}]}}