{"id":3534,"date":"2022-08-09T19:03:05","date_gmt":"2022-08-09T19:03:05","guid":{"rendered":"https:\/\/jamonesmontedorado.com\/kontakt\/"},"modified":"2025-11-07T01:06:49","modified_gmt":"2025-11-07T01:06:49","slug":"kontakt","status":"publish","type":"page","link":"https:\/\/jamonesmontedorado.com\/de\/kontakt\/","title":{"rendered":"Kontakt"},"content":{"rendered":"\t\t<div data-elementor-type=\"wp-page\" data-elementor-id=\"3534\" class=\"elementor elementor-3534 elementor-178\" data-elementor-post-type=\"page\">\n\t\t\t\t\t\t<section class=\"elementor-section elementor-top-section elementor-element elementor-element-cf57325 elementor-section-stretched elementor-section-boxed elementor-section-height-default elementor-section-height-default\" data-id=\"cf57325\" data-element_type=\"section\" data-settings=\"{&quot;stretch_section&quot;:&quot;section-stretched&quot;}\">\n\t\t\t\t\t\t<div class=\"elementor-container elementor-column-gap-default\">\n\t\t\t\t\t<div class=\"elementor-column elementor-col-100 elementor-top-column elementor-element elementor-element-b818b98\" data-id=\"b818b98\" data-element_type=\"column\">\n\t\t\t<div class=\"elementor-widget-wrap elementor-element-populated\">\n\t\t\t\t\t\t<div class=\"elementor-element elementor-element-7649f80 elementor-widget elementor-widget-text-editor\" data-id=\"7649f80\" data-element_type=\"widget\" data-widget_type=\"text-editor.default\">\n\t\t\t\t<div class=\"elementor-widget-container\">\n\t\t\t\t\t\t\t\t\t<p data-start=\"414\" data-end=\"615\">Wir von <strong data-start=\"417\" data-end=\"433\">Monte Dorado<\/strong> glauben an gut gemachte Dinge, auch im Umgang mit Menschen. Denn hinter jedem Schinken, jeder Paleta, jeder Bestellung steht etwas Wichtigeres als das Produkt: <strong data-start=\"608\" data-end=\"614\">Sie<\/strong>. <\/p><p data-start=\"617\" data-end=\"836\">Wenn Sie Fragen haben, eine pers\u00f6nliche Beratung w\u00fcnschen oder eine Sonderbestellung aufgeben m\u00f6chten, sind wir gerne f\u00fcr Sie da. Mit Aufmerksamkeit, mit N\u00e4he und mit dem gleichen Respekt, den wir jedem St\u00fcck widmen, das wir reifen lassen. <\/p>\t\t\t\t\t\t\t\t<\/div>\n\t\t\t\t<\/div>\n\t\t\t\t<div class=\"elementor-element elementor-element-c57e281 elementor-widget-divider--view-line elementor-widget elementor-widget-divider\" data-id=\"c57e281\" data-element_type=\"widget\" data-widget_type=\"divider.default\">\n\t\t\t\t<div class=\"elementor-widget-container\">\n\t\t\t\t\t\t\t<div class=\"elementor-divider\">\n\t\t\t<span class=\"elementor-divider-separator\">\n\t\t\t\t\t\t<\/span>\n\t\t<\/div>\n\t\t\t\t\t\t<\/div>\n\t\t\t\t<\/div>\n\t\t\t\t\t<\/div>\n\t\t<\/div>\n\t\t\t\t\t<\/div>\n\t\t<\/section>\n\t\t\t\t<section class=\"elementor-section elementor-top-section elementor-element elementor-element-8f863e8 elementor-section-stretched elementor-section-boxed elementor-section-height-default elementor-section-height-default\" data-id=\"8f863e8\" data-element_type=\"section\" data-settings=\"{&quot;stretch_section&quot;:&quot;section-stretched&quot;}\">\n\t\t\t\t\t\t<div class=\"elementor-container elementor-column-gap-default\">\n\t\t\t\t\t<div class=\"elementor-column elementor-col-50 elementor-top-column elementor-element elementor-element-fc92ce1\" data-id=\"fc92ce1\" data-element_type=\"column\">\n\t\t\t<div class=\"elementor-widget-wrap elementor-element-populated\">\n\t\t\t\t\t\t<div class=\"elementor-element elementor-element-462d53e elementor-button-align-center elementor-widget elementor-widget-form\" data-id=\"462d53e\" data-element_type=\"widget\" data-settings=\"{&quot;step_next_label&quot;:&quot;Weiter&quot;,&quot;step_previous_label&quot;:&quot;Zur\\u00fcck&quot;,&quot;button_width&quot;:&quot;100&quot;,&quot;step_type&quot;:&quot;number_text&quot;,&quot;step_icon_shape&quot;:&quot;circle&quot;}\" data-widget_type=\"form.default\">\n\t\t\t\t<div class=\"elementor-widget-container\">\n\t\t\t\t\t\t\t<form class=\"elementor-form\" method=\"post\" name=\"Neues Formular\" aria-label=\"Neues Formular\">\n\t\t\t<input type=\"hidden\" name=\"post_id\" value=\"3534\"\/>\n\t\t\t<input type=\"hidden\" name=\"form_id\" value=\"462d53e\"\/>\n\t\t\t<input type=\"hidden\" name=\"referer_title\" value=\"Jamones Monte Dorado\" \/>\n\n\t\t\t\n\t\t\t<div class=\"elementor-form-fields-wrapper elementor-labels-above\">\n\t\t\t\t\t\t\t\t<div class=\"elementor-field-type-text elementor-field-group elementor-column elementor-field-group-name elementor-col-100 elementor-field-required\">\n\t\t\t\t\t\t\t\t\t\t\t\t<label for=\"form-field-name\" class=\"elementor-field-label\">\n\t\t\t\t\t\t\t\tName\t\t\t\t\t\t\t<\/label>\n\t\t\t\t\t\t\t\t\t\t\t\t\t\t<input size=\"1\" type=\"text\" name=\"form_fields[name]\" id=\"form-field-name\" class=\"elementor-field elementor-size-sm  elementor-field-textual\" placeholder=\"Name\" required=\"required\">\n\t\t\t\t\t\t\t\t\t\t\t<\/div>\n\t\t\t\t\t\t\t\t<div class=\"elementor-field-type-tel elementor-field-group elementor-column elementor-field-group-field_e729a33 elementor-col-100 elementor-field-required\">\n\t\t\t\t\t\t\t\t\t\t\t\t<label for=\"form-field-field_e729a33\" class=\"elementor-field-label\">\n\t\t\t\t\t\t\t\tTelefon\t\t\t\t\t\t\t<\/label>\n\t\t\t\t\t\t\t\t<input size=\"1\" type=\"tel\" name=\"form_fields[field_e729a33]\" id=\"form-field-field_e729a33\" class=\"elementor-field elementor-size-sm  elementor-field-textual\" placeholder=\"Telefon\" required=\"required\" pattern=\"[0-9()#&amp;+*-=.]+\" title=\"Nur Nummern oder Telefon-Zeichen (#, -, *, etc) werden akzeptiert.\">\n\n\t\t\t\t\t\t<\/div>\n\t\t\t\t\t\t\t\t<div class=\"elementor-field-type-email elementor-field-group elementor-column elementor-field-group-email elementor-col-100 elementor-field-required\">\n\t\t\t\t\t\t\t\t\t\t\t\t<label for=\"form-field-email\" class=\"elementor-field-label\">\n\t\t\t\t\t\t\t\tE-Mail-Adresse\t\t\t\t\t\t\t<\/label>\n\t\t\t\t\t\t\t\t\t\t\t\t\t\t<input size=\"1\" type=\"email\" name=\"form_fields[email]\" id=\"form-field-email\" class=\"elementor-field elementor-size-sm  elementor-field-textual\" placeholder=\"E-Mail-Adresse\" required=\"required\">\n\t\t\t\t\t\t\t\t\t\t\t<\/div>\n\t\t\t\t\t\t\t\t<div class=\"elementor-field-type-textarea elementor-field-group elementor-column elementor-field-group-message elementor-col-100\">\n\t\t\t\t\t\t\t\t\t\t\t\t<label for=\"form-field-message\" class=\"elementor-field-label\">\n\t\t\t\t\t\t\t\tNachricht\t\t\t\t\t\t\t<\/label>\n\t\t\t\t\t\t<textarea class=\"elementor-field-textual elementor-field  elementor-size-sm\" name=\"form_fields[message]\" id=\"form-field-message\" rows=\"4\" placeholder=\"Nachricht\"><\/textarea>\t\t\t\t<\/div>\n\t\t\t\t\t\t\t\t<div class=\"elementor-field-type-acceptance elementor-field-group elementor-column elementor-field-group-field_18e9f0a elementor-col-100 elementor-field-required\">\n\t\t\t\t\t\t\t<div class=\"elementor-field-subgroup\">\n\t\t\t<span class=\"elementor-field-option\">\n\t\t\t\t<input type=\"checkbox\" name=\"form_fields[field_18e9f0a]\" id=\"form-field-field_18e9f0a\" class=\"elementor-field elementor-size-sm  elementor-acceptance-field\" required=\"required\">\n\t\t\t\t<label for=\"form-field-field_18e9f0a\">Durch die Nutzung dieses Formulars akzeptieren Sie die <a href=\"https:\/\/jamonesmontedorado.com\/aviso-legal-cookies-y-privacidad\/%20target=\" _blank=\"\" rel=\"noopener\">Datenschutzbestimmungen<\/a> dieser Website.<\/label>\t\t\t<\/span>\n\t\t<\/div>\n\t\t\t\t\t\t<\/div>\n\t\t\t\t\t\t\t\t<div class=\"elementor-field-group elementor-column elementor-field-type-submit elementor-col-100 e-form__buttons\">\n\t\t\t\t\t<button class=\"elementor-button elementor-size-sm\" type=\"submit\">\n\t\t\t\t\t\t<span class=\"elementor-button-content-wrapper\">\n\t\t\t\t\t\t\t\t\t\t\t\t\t\t\t\t\t\t\t\t\t\t<span class=\"elementor-button-text\">Senden<\/span>\n\t\t\t\t\t\t\t\t\t\t\t\t\t<\/span>\n\t\t\t\t\t<\/button>\n\t\t\t\t<\/div>\n\t\t\t<\/div>\n\t\t<\/form>\n\t\t\t\t\t\t<\/div>\n\t\t\t\t<\/div>\n\t\t\t\t\t<\/div>\n\t\t<\/div>\n\t\t\t\t<div class=\"elementor-column elementor-col-50 elementor-top-column elementor-element elementor-element-bf697f0\" data-id=\"bf697f0\" data-element_type=\"column\">\n\t\t\t<div class=\"elementor-widget-wrap elementor-element-populated\">\n\t\t\t\t\t\t<div class=\"elementor-element elementor-element-2ff6c1b elementor-widget elementor-widget-image\" data-id=\"2ff6c1b\" data-element_type=\"widget\" data-widget_type=\"image.default\">\n\t\t\t\t<div class=\"elementor-widget-container\">\n\t\t\t\t\t\t\t\t\t\t\t\t\t\t\t<img fetchpriority=\"high\" decoding=\"async\" width=\"931\" height=\"975\" src=\"https:\/\/jamonesmontedorado.com\/wp-content\/uploads\/2025\/10\/SIN-FONDO-2.png\" class=\"attachment-large size-large wp-image-3535\" alt=\"\" srcset=\"https:\/\/jamonesmontedorado.com\/wp-content\/uploads\/2025\/10\/SIN-FONDO-2.png 931w, https:\/\/jamonesmontedorado.com\/wp-content\/uploads\/2025\/10\/SIN-FONDO-2-286x300.png 286w, https:\/\/jamonesmontedorado.com\/wp-content\/uploads\/2025\/10\/SIN-FONDO-2-768x804.png 768w, https:\/\/jamonesmontedorado.com\/wp-content\/uploads\/2025\/10\/SIN-FONDO-2-600x628.png 600w\" sizes=\"(max-width: 931px) 100vw, 931px\" \/>\t\t\t\t\t\t\t\t\t\t\t\t\t\t\t<\/div>\n\t\t\t\t<\/div>\n\t\t\t\t<div class=\"elementor-element elementor-element-65d6a87 elementor-widget elementor-widget-heading\" data-id=\"65d6a87\" data-element_type=\"widget\" data-widget_type=\"heading.default\">\n\t\t\t\t<div class=\"elementor-widget-container\">\n\t\t\t\t\t<h4 class=\"elementor-heading-title elementor-size-default\"><a href=\"https:\/\/jamonesmontedorado.com\/de\/\">MONTE DORADO<\/a><\/h4>\t\t\t\t<\/div>\n\t\t\t\t<\/div>\n\t\t\t\t<div class=\"elementor-element elementor-element-881c267 elementor-align-center elementor-icon-list--layout-traditional elementor-list-item-link-full_width elementor-widget elementor-widget-icon-list\" data-id=\"881c267\" data-element_type=\"widget\" data-widget_type=\"icon-list.default\">\n\t\t\t\t<div class=\"elementor-widget-container\">\n\t\t\t\t\t\t\t<ul class=\"elementor-icon-list-items\">\n\t\t\t\t\t\t\t<li class=\"elementor-icon-list-item\">\n\t\t\t\t\t\t\t\t\t\t\t<a href=\"mailto:info@jamonesmontedorado.com\">\n\n\t\t\t\t\t\t\t\t\t\t\t\t<span class=\"elementor-icon-list-icon\">\n\t\t\t\t\t\t\t<i aria-hidden=\"true\" class=\"far fa-envelope\"><\/i>\t\t\t\t\t\t<\/span>\n\t\t\t\t\t\t\t\t\t\t<span class=\"elementor-icon-list-text\">info@jamonesmontedorado.com<\/span>\n\t\t\t\t\t\t\t\t\t\t\t<\/a>\n\t\t\t\t\t\t\t\t\t<\/li>\n\t\t\t\t\t\t\t\t<li class=\"elementor-icon-list-item\">\n\t\t\t\t\t\t\t\t\t\t\t<a href=\"tel:611432346\">\n\n\t\t\t\t\t\t\t\t\t\t\t\t<span class=\"elementor-icon-list-icon\">\n\t\t\t\t\t\t\t<i aria-hidden=\"true\" class=\"fas fa-phone-alt\"><\/i>\t\t\t\t\t\t<\/span>\n\t\t\t\t\t\t\t\t\t\t<span class=\"elementor-icon-list-text\">611432346<\/span>\n\t\t\t\t\t\t\t\t\t\t\t<\/a>\n\t\t\t\t\t\t\t\t\t<\/li>\n\t\t\t\t\t\t<\/ul>\n\t\t\t\t\t\t<\/div>\n\t\t\t\t<\/div>\n\t\t\t\t\t<\/div>\n\t\t<\/div>\n\t\t\t\t\t<\/div>\n\t\t<\/section>\n\t\t\t\t<\/div>\n\t\t","protected":false},"excerpt":{"rendered":"<p>Wir von Monte Dorado glauben an gut gemachte Dinge, auch im Umgang mit Menschen. Denn hinter jedem Schinken, jeder Paleta, jeder Bestellung steht etwas Wichtigeres als das Produkt: Sie. Wenn Sie Fragen haben, eine pers\u00f6nliche Beratung w\u00fcnschen oder eine Sonderbestellung aufgeben m\u00f6chten, sind wir gerne f\u00fcr Sie da. Mit Aufmerksamkeit, mit N\u00e4he und mit dem &#8230; <a title=\"Kontakt\" class=\"read-more\" href=\"https:\/\/jamonesmontedorado.com\/de\/kontakt\/\" aria-label=\"Mehr Informationen \u00fcber Kontakt\">Weiterlesen &#8230;<\/a><\/p>\n","protected":false},"author":1,"featured_media":0,"parent":0,"menu_order":0,"comment_status":"closed","ping_status":"closed","template":"","meta":{"footnotes":""},"class_list":["post-3534","page","type-page","status-publish"],"yoast_head":"<!-- This site is optimized with the Yoast SEO plugin v26.4 - https:\/\/yoast.com\/wordpress\/plugins\/seo\/ -->\n<title>Kontakt - Jamones Monte Dorado<\/title>\n<meta name=\"robots\" content=\"index, follow, max-snippet:-1, max-image-preview:large, max-video-preview:-1\" \/>\n<link rel=\"canonical\" href=\"https:\/\/jamonesmontedorado.com\/de\/kontakt\/\" \/>\n<meta property=\"og:locale\" content=\"de_DE\" \/>\n<meta property=\"og:type\" content=\"article\" \/>\n<meta property=\"og:title\" content=\"Kontakt - Jamones Monte Dorado\" \/>\n<meta property=\"og:description\" content=\"Wir von Monte Dorado glauben an gut gemachte Dinge, auch im Umgang mit Menschen. Denn hinter jedem Schinken, jeder Paleta, jeder Bestellung steht etwas Wichtigeres als das Produkt: Sie. Wenn Sie Fragen haben, eine pers\u00f6nliche Beratung w\u00fcnschen oder eine Sonderbestellung aufgeben m\u00f6chten, sind wir gerne f\u00fcr Sie da. Mit Aufmerksamkeit, mit N\u00e4he und mit dem ... Weiterlesen ...\" \/>\n<meta property=\"og:url\" content=\"https:\/\/jamonesmontedorado.com\/de\/kontakt\/\" \/>\n<meta property=\"og:site_name\" content=\"Jamones Monte Dorado\" \/>\n<meta property=\"article:modified_time\" content=\"2025-11-07T01:06:49+00:00\" \/>\n<meta property=\"og:image\" content=\"https:\/\/jamonesmontedorado.com\/wp-content\/uploads\/2025\/10\/SIN-FONDO-2.png\" \/>\n\t<meta property=\"og:image:width\" content=\"931\" \/>\n\t<meta property=\"og:image:height\" content=\"975\" \/>\n\t<meta property=\"og:image:type\" content=\"image\/png\" \/>\n<meta name=\"twitter:card\" content=\"summary_large_image\" \/>\n<script type=\"application\/ld+json\" class=\"yoast-schema-graph\">{\"@context\":\"https:\/\/schema.org\",\"@graph\":[{\"@type\":\"WebPage\",\"@id\":\"https:\/\/jamonesmontedorado.com\/de\/kontakt\/\",\"url\":\"https:\/\/jamonesmontedorado.com\/de\/kontakt\/\",\"name\":\"Kontakt - Jamones Monte Dorado\",\"isPartOf\":{\"@id\":\"https:\/\/jamonesmontedorado.com\/de\/#website\"},\"primaryImageOfPage\":{\"@id\":\"https:\/\/jamonesmontedorado.com\/de\/kontakt\/#primaryimage\"},\"image\":{\"@id\":\"https:\/\/jamonesmontedorado.com\/de\/kontakt\/#primaryimage\"},\"thumbnailUrl\":\"https:\/\/jamonesmontedorado.com\/wp-content\/uploads\/2025\/10\/SIN-FONDO-2.png\",\"datePublished\":\"2022-08-09T19:03:05+00:00\",\"dateModified\":\"2025-11-07T01:06:49+00:00\",\"breadcrumb\":{\"@id\":\"https:\/\/jamonesmontedorado.com\/de\/kontakt\/#breadcrumb\"},\"inLanguage\":\"de\",\"potentialAction\":[{\"@type\":\"ReadAction\",\"target\":[\"https:\/\/jamonesmontedorado.com\/de\/kontakt\/\"]}]},{\"@type\":\"ImageObject\",\"inLanguage\":\"de\",\"@id\":\"https:\/\/jamonesmontedorado.com\/de\/kontakt\/#primaryimage\",\"url\":\"https:\/\/jamonesmontedorado.com\/wp-content\/uploads\/2025\/10\/SIN-FONDO-2.png\",\"contentUrl\":\"https:\/\/jamonesmontedorado.com\/wp-content\/uploads\/2025\/10\/SIN-FONDO-2.png\"},{\"@type\":\"BreadcrumbList\",\"@id\":\"https:\/\/jamonesmontedorado.com\/de\/kontakt\/#breadcrumb\",\"itemListElement\":[{\"@type\":\"ListItem\",\"position\":1,\"name\":\"Portada\",\"item\":\"https:\/\/jamonesmontedorado.com\/de\/schinken-und-wurstwaren-von-monte-dorado\/\"},{\"@type\":\"ListItem\",\"position\":2,\"name\":\"Kontakt\"}]},{\"@type\":\"WebSite\",\"@id\":\"https:\/\/jamonesmontedorado.com\/de\/#website\",\"url\":\"https:\/\/jamonesmontedorado.com\/de\/\",\"name\":\"Jamones Monte Dorado\",\"description\":\"Monte Dorado - Jamones, paletas y embutidos\",\"potentialAction\":[{\"@type\":\"SearchAction\",\"target\":{\"@type\":\"EntryPoint\",\"urlTemplate\":\"https:\/\/jamonesmontedorado.com\/de\/?s={search_term_string}\"},\"query-input\":{\"@type\":\"PropertyValueSpecification\",\"valueRequired\":true,\"valueName\":\"search_term_string\"}}],\"inLanguage\":\"de\"}]}<\/script>\n<!-- \/ Yoast SEO plugin. -->","yoast_head_json":{"title":"Kontakt - Jamones Monte Dorado","robots":{"index":"index","follow":"follow","max-snippet":"max-snippet:-1","max-image-preview":"max-image-preview:large","max-video-preview":"max-video-preview:-1"},"canonical":"https:\/\/jamonesmontedorado.com\/de\/kontakt\/","og_locale":"de_DE","og_type":"article","og_title":"Kontakt - Jamones Monte Dorado","og_description":"Wir von Monte Dorado glauben an gut gemachte Dinge, auch im Umgang mit Menschen. Denn hinter jedem Schinken, jeder Paleta, jeder Bestellung steht etwas Wichtigeres als das Produkt: Sie. Wenn Sie Fragen haben, eine pers\u00f6nliche Beratung w\u00fcnschen oder eine Sonderbestellung aufgeben m\u00f6chten, sind wir gerne f\u00fcr Sie da. Mit Aufmerksamkeit, mit N\u00e4he und mit dem ... Weiterlesen ...","og_url":"https:\/\/jamonesmontedorado.com\/de\/kontakt\/","og_site_name":"Jamones Monte Dorado","article_modified_time":"2025-11-07T01:06:49+00:00","og_image":[{"width":931,"height":975,"url":"https:\/\/jamonesmontedorado.com\/wp-content\/uploads\/2025\/10\/SIN-FONDO-2.png","type":"image\/png"}],"twitter_card":"summary_large_image","schema":{"@context":"https:\/\/schema.org","@graph":[{"@type":"WebPage","@id":"https:\/\/jamonesmontedorado.com\/de\/kontakt\/","url":"https:\/\/jamonesmontedorado.com\/de\/kontakt\/","name":"Kontakt - Jamones Monte Dorado","isPartOf":{"@id":"https:\/\/jamonesmontedorado.com\/de\/#website"},"primaryImageOfPage":{"@id":"https:\/\/jamonesmontedorado.com\/de\/kontakt\/#primaryimage"},"image":{"@id":"https:\/\/jamonesmontedorado.com\/de\/kontakt\/#primaryimage"},"thumbnailUrl":"https:\/\/jamonesmontedorado.com\/wp-content\/uploads\/2025\/10\/SIN-FONDO-2.png","datePublished":"2022-08-09T19:03:05+00:00","dateModified":"2025-11-07T01:06:49+00:00","breadcrumb":{"@id":"https:\/\/jamonesmontedorado.com\/de\/kontakt\/#breadcrumb"},"inLanguage":"de","potentialAction":[{"@type":"ReadAction","target":["https:\/\/jamonesmontedorado.com\/de\/kontakt\/"]}]},{"@type":"ImageObject","inLanguage":"de","@id":"https:\/\/jamonesmontedorado.com\/de\/kontakt\/#primaryimage","url":"https:\/\/jamonesmontedorado.com\/wp-content\/uploads\/2025\/10\/SIN-FONDO-2.png","contentUrl":"https:\/\/jamonesmontedorado.com\/wp-content\/uploads\/2025\/10\/SIN-FONDO-2.png"},{"@type":"BreadcrumbList","@id":"https:\/\/jamonesmontedorado.com\/de\/kontakt\/#breadcrumb","itemListElement":[{"@type":"ListItem","position":1,"name":"Portada","item":"https:\/\/jamonesmontedorado.com\/de\/schinken-und-wurstwaren-von-monte-dorado\/"},{"@type":"ListItem","position":2,"name":"Kontakt"}]},{"@type":"WebSite","@id":"https:\/\/jamonesmontedorado.com\/de\/#website","url":"https:\/\/jamonesmontedorado.com\/de\/","name":"Jamones Monte Dorado","description":"Monte Dorado - Jamones, paletas y embutidos","potentialAction":[{"@type":"SearchAction","target":{"@type":"EntryPoint","urlTemplate":"https:\/\/jamonesmontedorado.com\/de\/?s={search_term_string}"},"query-input":{"@type":"PropertyValueSpecification","valueRequired":true,"valueName":"search_term_string"}}],"inLanguage":"de"}]}},"_links":{"self":[{"href":"https:\/\/jamonesmontedorado.com\/de\/wp-json\/wp\/v2\/pages\/3534","targetHints":{"allow":["GET"]}}],"collection":[{"href":"https:\/\/jamonesmontedorado.com\/de\/wp-json\/wp\/v2\/pages"}],"about":[{"href":"https:\/\/jamonesmontedorado.com\/de\/wp-json\/wp\/v2\/types\/page"}],"author":[{"embeddable":true,"href":"https:\/\/jamonesmontedorado.com\/de\/wp-json\/wp\/v2\/users\/1"}],"replies":[{"embeddable":true,"href":"https:\/\/jamonesmontedorado.com\/de\/wp-json\/wp\/v2\/comments?post=3534"}],"version-history":[{"count":1,"href":"https:\/\/jamonesmontedorado.com\/de\/wp-json\/wp\/v2\/pages\/3534\/revisions"}],"predecessor-version":[{"id":3538,"href":"https:\/\/jamonesmontedorado.com\/de\/wp-json\/wp\/v2\/pages\/3534\/revisions\/3538"}],"wp:attachment":[{"href":"https:\/\/jamonesmontedorado.com\/de\/wp-json\/wp\/v2\/media?parent=3534"}],"curies":[{"name":"wp","href":"https:\/\/api.w.org\/{rel}","templated":true}]}}